{"id":4002075,"date":"2025-07-31T17:22:25","date_gmt":"2025-07-31T17:22:25","guid":{"rendered":"https:\/\/staging.kabisu.id\/evenements-kabisu-sumba\/"},"modified":"2025-08-05T12:29:09","modified_gmt":"2025-08-05T12:29:09","slug":"evenements-kabisu-sumba","status":"publish","type":"page","link":"https:\/\/staging.kabisu.id\/fr\/evenements-kabisu-sumba\/","title":{"rendered":"Kabisu &#8211; \u00c9v\u00e9nements"},"content":{"rendered":"\t\t<div data-elementor-type=\"wp-page\" data-elementor-id=\"4002075\" class=\"elementor elementor-4002075 elementor-4001949\">\n\t\t\t\t<div class=\"elementor-element elementor-element-336e6ba0 e-con-full e-flex e-con e-parent\" data-id=\"336e6ba0\" data-element_type=\"container\" data-e-type=\"container\" data-settings=\"{&quot;background_background&quot;:&quot;classic&quot;}\">\n\t\t<div class=\"elementor-element elementor-element-63cb361d e-con-full e-flex e-con e-child\" data-id=\"63cb361d\" data-element_type=\"container\" data-e-type=\"container\">\n\t\t\t\t<div class=\"elementor-element elementor-element-5b5c0037 elementor-widget-divider--view-line elementor-widget elementor-widget-divider\" data-id=\"5b5c0037\" data-element_type=\"widget\" data-e-type=\"widget\" data-widget_type=\"divider.default\">\n\t\t\t\t<div class=\"elementor-widget-container\">\n\t\t\t\t\t\t\t<div class=\"elementor-divider\">\n\t\t\t<span class=\"elementor-divider-separator\">\n\t\t\t\t\t\t<\/span>\n\t\t<\/div>\n\t\t\t\t\t\t<\/div>\n\t\t\t\t<\/div>\n\t\t\t\t<div class=\"elementor-element elementor-element-c3c3a96 elementor-widget elementor-widget-heading\" data-id=\"c3c3a96\" data-element_type=\"widget\" data-e-type=\"widget\" data-widget_type=\"heading.default\">\n\t\t\t\t<div class=\"elementor-widget-container\">\n\t\t\t\t\t<h1 class=\"elementor-heading-title elementor-size-default\">\u00c9v\u00e9nements \u00e0 Kabisu<\/h1>\t\t\t\t<\/div>\n\t\t\t\t<\/div>\n\t\t\t\t<div class=\"elementor-element elementor-element-281d1840 elementor-widget-divider--view-line elementor-widget elementor-widget-divider\" data-id=\"281d1840\" data-element_type=\"widget\" data-e-type=\"widget\" data-widget_type=\"divider.default\">\n\t\t\t\t<div class=\"elementor-widget-container\">\n\t\t\t\t\t\t\t<div class=\"elementor-divider\">\n\t\t\t<span class=\"elementor-divider-separator\">\n\t\t\t\t\t\t<\/span>\n\t\t<\/div>\n\t\t\t\t\t\t<\/div>\n\t\t\t\t<\/div>\n\t\t\t\t<\/div>\n\t\t\t\t<\/div>\n\t\t<div class=\"elementor-element elementor-element-58f00654 e-con-full e-flex e-con e-parent\" data-id=\"58f00654\" data-element_type=\"container\" data-e-type=\"container\" data-settings=\"{&quot;background_background&quot;:&quot;classic&quot;}\">\n\t\t<div class=\"elementor-element elementor-element-56ff27ab e-con-full e-flex e-con e-child\" data-id=\"56ff27ab\" data-element_type=\"container\" data-e-type=\"container\">\n\t\t\t\t<div class=\"elementor-element elementor-element-2a29f7a3 elementor-widget elementor-widget-heading\" data-id=\"2a29f7a3\" data-element_type=\"widget\" data-e-type=\"widget\" data-widget_type=\"heading.default\">\n\t\t\t\t<div class=\"elementor-widget-container\">\n\t\t\t\t\t<h2 class=\"elementor-heading-title elementor-size-default\">Quand vos \u00e9v\u00e9nements \u00e0 Sumba deviennent des histoires<\/h2>\t\t\t\t<\/div>\n\t\t\t\t<\/div>\n\t\t\t\t<div class=\"elementor-element elementor-element-50f0a716 elementor-widget-divider--view-line elementor-widget elementor-widget-divider\" data-id=\"50f0a716\" data-element_type=\"widget\" data-e-type=\"widget\" data-widget_type=\"divider.default\">\n\t\t\t\t<div class=\"elementor-widget-container\">\n\t\t\t\t\t\t\t<div class=\"elementor-divider\">\n\t\t\t<span class=\"elementor-divider-separator\">\n\t\t\t\t\t\t<\/span>\n\t\t<\/div>\n\t\t\t\t\t\t<\/div>\n\t\t\t\t<\/div>\n\t\t\t\t<div class=\"elementor-element elementor-element-1e30960b elementor-widget__width-initial elementor-widget elementor-widget-text-editor\" data-id=\"1e30960b\" data-element_type=\"widget\" data-e-type=\"widget\" data-widget_type=\"text-editor.default\">\n\t\t\t\t<div class=\"elementor-widget-container\">\n\t\t\t\t\t\t\t\t\t<p style=\"text-align: left;\" data-start=\"457\" data-end=\"523\">Kabisu n&rsquo;est pas seulement un lieu d&rsquo;h\u00e9bergement, c&rsquo;est un lieu de rencontre.<\/p><p style=\"text-align: left;\" data-start=\"525\" data-end=\"772\">Que vous souhaitiez organiser un mariage pieds nus sur les falaises, une retraite de yoga au milieu des palmiers ou une r\u00e9union intime avec des amis qui se sentent comme une famille, notre \u00e9quipe travaille en \u00e9troite collaboration avec vous pour cr\u00e9er quelque chose de beau, sans effort et inoubliable.<\/p><p style=\"text-align: left;\" data-start=\"774\" data-end=\"843\">Nous faisons les choses avec amour et \u00e0 petite \u00e9chelle.<\/p><h3 data-start=\"850\" data-end=\"886\"> <\/h3><h3 style=\"text-align: left;\" data-start=\"850\" data-end=\"886\"><strong data-start=\"857\" data-end=\"884\">Mariages et c\u00e9l\u00e9brations<\/strong><\/h3><p style=\"text-align: left;\" data-start=\"887\" data-end=\"914\"><strong data-start=\"887\" data-end=\"914\">La nature comme toile de fond<\/strong><\/p><p style=\"text-align: left;\" data-start=\"916\" data-end=\"1161\">Prononcez vos v\u0153ux avec l&rsquo;oc\u00e9an \u00e0 vos pieds, le ciel se colorant d&rsquo;or au-dessus de vous et le bruit des vagues au loin. Nous organisons des <strong data-start=\"1039\" data-end=\"1060\">mariages intimes<\/strong> qui sont ancr\u00e9s dans la beaut\u00e9 naturelle &#8211; pas d&rsquo;arches en plastique ou de forfaits rigides ici. <\/p><p style=\"text-align: left;\" data-start=\"1163\" data-end=\"1334\">Notre \u00e9quipe travaille avec des fournisseurs locaux de confiance pour donner vie \u00e0 votre projet, qu&rsquo;il s&rsquo;agisse d&rsquo;une c\u00e9r\u00e9monie sur la falaise, d&rsquo;un festin sous les \u00e9toiles ou d&rsquo;une soir\u00e9e au bar.<\/p><ul style=\"text-align: left;\" data-start=\"1336\" data-end=\"1497\"><li data-start=\"1336\" data-end=\"1364\"><p data-start=\"1338\" data-end=\"1364\">Capacit\u00e9 maximale : ~40 invit\u00e9s<\/p><\/li><li data-start=\"1365\" data-end=\"1409\"><p data-start=\"1367\" data-end=\"1409\">Espace de c\u00e9r\u00e9monie \u00e0 au bord de la falaise + espace d\u00eener<\/p><\/li><li data-start=\"1410\" data-end=\"1453\"><p data-start=\"1412\" data-end=\"1453\">Menus personnalis\u00e9s, cocktails et d\u00e9coration florale<\/p><\/li><li data-start=\"1454\" data-end=\"1497\"><p data-start=\"1456\" data-end=\"1497\">R\u00e9servation facultatif de la totalit\u00e9 de la propri\u00e9t\u00e9 pour plus d&rsquo;intimit\u00e9<\/p><\/li><\/ul><h3 data-start=\"1504\" data-end=\"1528\"> <\/h3><h3 style=\"text-align: left;\" data-start=\"1504\" data-end=\"1528\"><strong data-start=\"1514\" data-end=\"1526\">Retraites<\/strong><\/h3><p style=\"text-align: left;\" data-start=\"1529\" data-end=\"1570\"><strong data-start=\"1529\" data-end=\"1570\">Un espace pour bouger, respirer et se reconnecter<\/strong><\/p><p style=\"text-align: left;\" data-start=\"1572\" data-end=\"1822\">Kabisu a \u00e9t\u00e9 con\u00e7u pour les animateurs de retraites &#8211; avec une \u00e9nergie calme, des espaces en plein air et un paysage qui invite \u00e0 la contemplation. Nous accueillons chaque ann\u00e9e un nombre limit\u00e9 de <strong data-start=\"1724\" data-end=\"1771\">retraites de yoga, de surf, de bien-\u00eatre et de cr\u00e9ation<\/strong>, et nous adaptons l&rsquo;exp\u00e9rience \u00e0 votre rythme. <\/p><p style=\"text-align: left;\" data-start=\"1824\" data-end=\"1846\">Vous aurez acc\u00e8s \u00e0 :<\/p><ul style=\"text-align: left;\" data-start=\"1847\" data-end=\"2068\"><li data-start=\"1847\" data-end=\"1879\"><p data-start=\"1849\" data-end=\"1879\">Notre <strong data-start=\"1853\" data-end=\"1877\">shala de yoga \u00e0 flanc de falaise<\/strong><\/p><\/li><li data-start=\"1880\" data-end=\"1920\"><p data-start=\"1882\" data-end=\"1920\"><strong data-start=\"1890\" data-end=\"1918\">Spa et massoth\u00e9rapeutes<\/strong> sur place<\/p><\/li><li data-start=\"1921\" data-end=\"1973\"><p data-start=\"1923\" data-end=\"1973\">Des repas sains pr\u00e9par\u00e9s avec des <strong data-start=\"1947\" data-end=\"1971\">produits du jardin<\/strong><\/p><\/li><li data-start=\"1974\" data-end=\"2014\"><p data-start=\"1976\" data-end=\"2014\">H\u00e9bergement en villa partag\u00e9e ou priv\u00e9e<\/p><\/li><li data-start=\"2015\" data-end=\"2068\"><p data-start=\"2017\" data-end=\"2068\">Excursions optionnelles, surf et exp\u00e9riences culturelles<\/p><\/li><\/ul><p style=\"text-align: left;\" data-start=\"2070\" data-end=\"2206\">Que vous planifiez une immersion de 3 jours ou un voyage de 10 jours, nous sommes l\u00e0 pour vous aider \u00e0 le fa\u00e7onner.<\/p><h3 data-start=\"2213\" data-end=\"2267\"> <\/h3><h3 style=\"text-align: left;\" data-start=\"2213\" data-end=\"2267\"><strong data-start=\"2220\" data-end=\"2265\">R\u00e9unions priv\u00e9es et r\u00e9sidences cr\u00e9atives<\/strong><\/h3><p style=\"text-align: left;\" data-start=\"2268\" data-end=\"2381\">Vous cherchez \u00e0 r\u00e9unir un groupe pour une activit\u00e9 personnelle, professionnelle ou entre les deux ? Kabisu peut vous accueillir : <\/p><ul style=\"text-align: left;\" data-start=\"2382\" data-end=\"2539\"><li data-start=\"2382\" data-end=\"2409\"><p data-start=\"2384\" data-end=\"2409\">Team building et rencontre hors site pour les petites entreprises<\/p><\/li><li data-start=\"2410\" data-end=\"2451\"><p data-start=\"2412\" data-end=\"2451\">R\u00e9sidences d&rsquo;artistes ou escapades d&rsquo;\u00e9criture<\/p><\/li><li data-start=\"2452\" data-end=\"2494\"><p data-start=\"2454\" data-end=\"2494\">Week-ends d&rsquo;anniversaire ou voyages de c\u00e9l\u00e9bration<\/p><\/li><li data-start=\"2495\" data-end=\"2539\"><p data-start=\"2497\" data-end=\"2539\">Entrepreneurs conscients ou cercles de bien-\u00eatre<\/p><\/li><\/ul><h3 data-start=\"2546\" data-end=\"2596\"> <\/h3><h3 style=\"text-align: left;\" data-start=\"2546\" data-end=\"2596\"><strong data-start=\"2552\" data-end=\"2596\">Con\u00e7us pour l&rsquo;intimit\u00e9, construits pour le sens<\/strong><\/h3><p data-start=\"268\" data-end=\"531\">Nous ne sommes pas un lieu. Nous sommes un espace &#8211; intentionnellement con\u00e7u pour une connexion r\u00e9elle, une pr\u00e9sence profonde et des exp\u00e9riences qui laissent une empreinte durable. \u00c0 Kabisu, tout est fait \u00e0 petite \u00e9chelle, dans le respect de l&rsquo;\u00e2me et enracin\u00e9 dans la nature &#8211; que vous soyez ici pour quelques jours ou pour toute une vie.  <\/p><p data-start=\"533\" data-end=\"753\"><span style=\"text-decoration: underline; color: #005257;\"><b>D\u00e9couvrez nos villas<\/b><\/span><b> <\/b>con\u00e7u pour une vie en pleine conscience, ou explorez la possibilit\u00e9 <span style=\"text-decoration: underline;\"><a href=\"https:\/\/kabisu.id\/fr\/investissement\/\" rel=\"noopener\"><span style=\"color: #005257; text-decoration: underline;\">de faire partie de Kabisu par le biais de notre offre d&rsquo;investissement.<\/span><\/a><\/span>Nous accueillons ceux qui appr\u00e9cient la beaut\u00e9, l&rsquo;\u00e9quilibre et une vie v\u00e9cue avec intention. <\/p>\t\t\t\t\t\t\t\t<\/div>\n\t\t\t\t<\/div>\n\t\t\t\t<\/div>\n\t\t<div class=\"elementor-element elementor-element-bfd11d3 e-con-full e-flex e-con e-child\" data-id=\"bfd11d3\" data-element_type=\"container\" data-e-type=\"container\">\n\t\t\t\t<div class=\"elementor-element elementor-element-2c70cdbd elementor-widget elementor-widget-image\" data-id=\"2c70cdbd\" data-element_type=\"widget\" data-e-type=\"widget\" data-widget_type=\"image.default\">\n\t\t\t\t<div class=\"elementor-widget-container\">\n\t\t\t\t\t\t\t\t\t\t\t\t\t\t\t<img decoding=\"async\" src=\"https:\/\/staging.kabisu.id\/wp-content\/uploads\/elementor\/thumbs\/cropped-kabisu_sumba-isotype-600px-rf62ro5zocw57xf3k6kznph4c5nnvhfloe4i8rcwq6.png\" title=\"Favicon de Kabisu\" alt=\"Favicon de Kabisu\" loading=\"lazy\" \/>\t\t\t\t\t\t\t\t\t\t\t\t\t\t\t<\/div>\n\t\t\t\t<\/div>\n\t\t\t\t<\/div>\n\t\t\t\t<\/div>\n\t\t<div class=\"elementor-element elementor-element-29c7f441 e-con-full e-flex e-con e-parent\" data-id=\"29c7f441\" data-element_type=\"container\" data-e-type=\"container\">\n\t\t\t\t<div class=\"elementor-element elementor-element-2dc9f397 gallery-layout-masonry content-visibility-none video-preview-player sticky-filter-bar-false elementor-widget elementor-widget-raven-media-gallery\" data-id=\"2dc9f397\" data-element_type=\"widget\" data-e-type=\"widget\" data-widget_type=\"raven-media-gallery.default\">\n\t\t\t\t<div class=\"elementor-widget-container\">\n\t\t\t\t\t<div class=\"raven-media-gallery-wrapper\"><div class=\"raven-media-gallery-tab-contents\"><div data-raven-content-index=\"0\" class=\"content active\">\t\t<a class=\"gallery-item\" href=\"https:\/\/kabisu.id\/wp-content\/uploads\/2025\/02\/Kabisu-Lounge-Restaurant-1-1.jpg\" data-elementor-open-lightbox=\"yes\" data-elementor-lightbox-slideshow=\"all-2dc9f397\" rel=\"noopener\">\n\t\t\t<div class=\"type-image\">\n\t\t\t\t<div class=\"poster\">\n\t\t\t\t\t\t\t\t\t\t<img decoding=\"async\" src=\"https:\/\/staging.kabisu.id\/wp-content\/uploads\/2025\/02\/Kabisu-Lounge-Restaurant-1-1.jpg\" alt=\"Kabisu---Lounge-&amp;-Restaurant---1\">\n\t\t\t\t<\/div>\n\t\t\t<\/div>\n\t\t\t\t\t<div class=\"overlay\">\n\t\t\t\t\t\t\t<p class=\"title\">\n\t\t\t\t\tKabisu---Lounge-&amp;-Restaurant---1\t\t\t\t<\/p>\n\t\t\t\t\t\t\t<p class=\"caption\">\n\t\t\t\t\tKabisu---Lounge-&amp;-Restaurant---1\t\t\t\t<\/p>\n\t\t\t\t\t\t\t<p class=\"description\">\n\t\t\t\t\tKabisu---Lounge-&amp;-Restaurant---1\t\t\t\t<\/p>\n\t\t\t\t\t\t\t<p class=\"alt\">\n\t\t\t\t\tKabisu---Lounge-&amp;-Restaurant---1\t\t\t\t<\/p>\n\t\t\t\t\t<\/div>\n\t\t\t\t<\/a>\n\t\t\t\t<a class=\"gallery-item\" href=\"https:\/\/kabisu.id\/wp-content\/uploads\/2025\/02\/Kabisu-Lounge-Restaurant-11.jpg\" data-elementor-open-lightbox=\"yes\" data-elementor-lightbox-slideshow=\"all-2dc9f397\" rel=\"noopener\">\n\t\t\t<div class=\"type-image\">\n\t\t\t\t<div class=\"poster\">\n\t\t\t\t\t\t\t\t\t\t<img decoding=\"async\" src=\"https:\/\/staging.kabisu.id\/wp-content\/uploads\/2025\/02\/Kabisu-Lounge-Restaurant-11.jpg\" alt=\"Kabisu - Lounge &amp; Restaurant - 11\">\n\t\t\t\t<\/div>\n\t\t\t<\/div>\n\t\t\t\t\t<div class=\"overlay\">\n\t\t\t\t\t\t\t<p class=\"title\">\n\t\t\t\t\tKabisu - Lounge &amp; Restaurant - 11\t\t\t\t<\/p>\n\t\t\t\t\t\t\t<p class=\"caption\">\n\t\t\t\t\tKabisu - Lounge &amp; Restaurant - 11\t\t\t\t<\/p>\n\t\t\t\t\t\t\t<p class=\"description\">\n\t\t\t\t\tKabisu - Lounge &amp; Restaurant - 11\t\t\t\t<\/p>\n\t\t\t\t\t\t\t<p class=\"alt\">\n\t\t\t\t\tKabisu - Lounge &amp; Restaurant - 11\t\t\t\t<\/p>\n\t\t\t\t\t<\/div>\n\t\t\t\t<\/a>\n\t\t\t\t<a class=\"gallery-item\" href=\"https:\/\/kabisu.id\/wp-content\/uploads\/2025\/02\/01.jpg\" data-elementor-open-lightbox=\"yes\" data-elementor-lightbox-slideshow=\"all-2dc9f397\" rel=\"noopener\">\n\t\t\t<div class=\"type-image\">\n\t\t\t\t<div class=\"poster\">\n\t\t\t\t\t\t\t\t\t\t<img decoding=\"async\" src=\"https:\/\/staging.kabisu.id\/wp-content\/uploads\/2025\/02\/01.jpg\" alt=\"Villa Kabisu - Vue de face\">\n\t\t\t\t<\/div>\n\t\t\t<\/div>\n\t\t\t\t\t<div class=\"overlay\">\n\t\t\t\t\t\t\t<p class=\"title\">\n\t\t\t\t\tVilla Kabisu - Vue de face\t\t\t\t<\/p>\n\t\t\t\t\t\t\t<p class=\"caption\">\n\t\t\t\t\tVilla Kabisu - Vue de face\t\t\t\t<\/p>\n\t\t\t\t\t\t\t<p class=\"description\">\n\t\t\t\t\tVilla Kabisu - Vue de face\t\t\t\t<\/p>\n\t\t\t\t\t\t\t<p class=\"alt\">\n\t\t\t\t\tVilla Kabisu - Vue de face\t\t\t\t<\/p>\n\t\t\t\t\t<\/div>\n\t\t\t\t<\/a>\n\t\t\t\t<a class=\"gallery-item\" href=\"https:\/\/kabisu.id\/wp-content\/uploads\/2025\/02\/Kabisu-Lounge-Restaurant-2.jpg\" data-elementor-open-lightbox=\"yes\" data-elementor-lightbox-slideshow=\"all-2dc9f397\" rel=\"noopener\">\n\t\t\t<div class=\"type-image\">\n\t\t\t\t<div class=\"poster\">\n\t\t\t\t\t\t\t\t\t\t<img decoding=\"async\" src=\"https:\/\/staging.kabisu.id\/wp-content\/uploads\/2025\/02\/Kabisu-Lounge-Restaurant-2.jpg\" alt=\"Kabisu - Salon et restaurant - 2\">\n\t\t\t\t<\/div>\n\t\t\t<\/div>\n\t\t\t\t\t<div class=\"overlay\">\n\t\t\t\t\t\t\t<p class=\"title\">\n\t\t\t\t\tKabisu - Salon et restaurant - 2\t\t\t\t<\/p>\n\t\t\t\t\t\t\t<p class=\"caption\">\n\t\t\t\t\tKabisu - Salon et restaurant - 2\t\t\t\t<\/p>\n\t\t\t\t\t\t\t<p class=\"description\">\n\t\t\t\t\tKabisu - Salon et restaurant - 2\t\t\t\t<\/p>\n\t\t\t\t\t\t\t<p class=\"alt\">\n\t\t\t\t\tKabisu - Salon et restaurant - 2\t\t\t\t<\/p>\n\t\t\t\t\t<\/div>\n\t\t\t\t<\/a>\n\t\t<\/div><\/div><\/div>\t\t\t\t<\/div>\n\t\t\t\t<\/div>\n\t\t\t\t<\/div>\n\t\t<div class=\"elementor-element elementor-element-79e4fc6 e-con-full e-flex e-con e-parent\" data-id=\"79e4fc6\" data-element_type=\"container\" data-e-type=\"container\" data-settings=\"{&quot;background_background&quot;:&quot;classic&quot;}\">\n\t\t\t\t<div class=\"elementor-element elementor-element-31fed58e raven-cta--skin-cover elementor-widget__width-inherit e-transform elementor-animated-content raven-bg-transform raven-bg-transform-zoom-in elementor-widget elementor-widget-raven-call-to-action\" data-id=\"31fed58e\" data-element_type=\"widget\" data-e-type=\"widget\" data-settings=\"{&quot;_transform_scaleX_effect&quot;:{&quot;unit&quot;:&quot;px&quot;,&quot;size&quot;:&quot;&quot;,&quot;sizes&quot;:[]},&quot;_transform_scaleX_effect_tablet&quot;:{&quot;unit&quot;:&quot;px&quot;,&quot;size&quot;:&quot;&quot;,&quot;sizes&quot;:[]},&quot;_transform_scaleX_effect_mobile&quot;:{&quot;unit&quot;:&quot;px&quot;,&quot;size&quot;:&quot;&quot;,&quot;sizes&quot;:[]},&quot;_transform_scaleY_effect&quot;:{&quot;unit&quot;:&quot;px&quot;,&quot;size&quot;:&quot;&quot;,&quot;sizes&quot;:[]},&quot;_transform_scaleY_effect_tablet&quot;:{&quot;unit&quot;:&quot;px&quot;,&quot;size&quot;:&quot;&quot;,&quot;sizes&quot;:[]},&quot;_transform_scaleY_effect_mobile&quot;:{&quot;unit&quot;:&quot;px&quot;,&quot;size&quot;:&quot;&quot;,&quot;sizes&quot;:[]}}\" data-widget_type=\"raven-call-to-action.default\">\n\t\t\t\t<div class=\"elementor-widget-container\">\n\t\t\t\t\t<a class=\"raven-cta\" href=\"https:\/\/staging.kabisu.id\/contact\/\">\n\t\t\t\t\t<div class=\"raven-cta__bg-wrapper\">\n\t\t\t\t<div class=\"raven-cta__bg raven-bg\" style=\"background-image: url(https:\/\/staging.kabisu.id\/wp-content\/uploads\/2025\/02\/07.jpg);\"><\/div>\n\t\t\t\t<div class=\"raven-cta__bg-overlay\"><\/div>\n\t\t\t<\/div>\n\t\t\t\t\t\t\t\t\t\t<div class=\"raven-cta__content\">\n\t\t\t\t\n\t\t\t\t<h2 class=\"raven-cta__title raven-cta__content-item elementor-content-item elementor-animated-item--grow\">Devenez propri\u00e9taire d&#039;un bien locatif au paradis<\/h2>\n\t\t\t\t\n\t\t\t\t\t\t\t\t\t<div class=\"raven-cta__button-wrapper raven-cta__content-item elementor-content-item elementor-animated-item--grow\">\n\t\t\t\t\t<span class=\"raven-cta__button elementor-button \">\n\t\t\t\t\t\tPrenez contact avec nous\t\t\t\t\t<\/span>\n\t\t\t\t\t<\/div>\n\t\t\t\t\n\t\t\t\t\t\t\t<\/div>\n\t\t\t\t<\/a>\n\t\t\t\t\t\t<\/div>\n\t\t\t\t<\/div>\n\t\t\t\t<\/div>\n\t\t\t\t<\/div>\n\t\t","protected":false},"excerpt":{"rendered":"<p>\u00c9v\u00e9nements \u00e0 Kabisu Quand vos \u00e9v\u00e9nements \u00e0 Sumba deviennent des histoires Kabisu n&rsquo;est pas seulement un lieu d&rsquo;h\u00e9bergement, c&rsquo;est un lieu de rencontre. Que vous souhaitiez organiser un mariage pieds nus sur les falaises, une retraite de yoga au milieu des palmiers ou une r\u00e9union intime avec des amis qui se sentent comme une famille, [&hellip;]<\/p>\n","protected":false},"author":2000003,"featured_media":1203,"parent":0,"menu_order":0,"comment_status":"closed","ping_status":"closed","template":"elementor_header_footer","meta":{"_acf_changed":false,"footnotes":""},"class_list":["post-4002075","page","type-page","status-publish","has-post-thumbnail","hentry"],"acf":[],"_links":{"self":[{"href":"https:\/\/staging.kabisu.id\/fr\/wp-json\/wp\/v2\/pages\/4002075","targetHints":{"allow":["GET"]}}],"collection":[{"href":"https:\/\/staging.kabisu.id\/fr\/wp-json\/wp\/v2\/pages"}],"about":[{"href":"https:\/\/staging.kabisu.id\/fr\/wp-json\/wp\/v2\/types\/page"}],"author":[{"embeddable":true,"href":"https:\/\/staging.kabisu.id\/fr\/wp-json\/wp\/v2\/users\/2000003"}],"replies":[{"embeddable":true,"href":"https:\/\/staging.kabisu.id\/fr\/wp-json\/wp\/v2\/comments?post=4002075"}],"version-history":[{"count":5,"href":"https:\/\/staging.kabisu.id\/fr\/wp-json\/wp\/v2\/pages\/4002075\/revisions"}],"predecessor-version":[{"id":4002133,"href":"https:\/\/staging.kabisu.id\/fr\/wp-json\/wp\/v2\/pages\/4002075\/revisions\/4002133"}],"wp:featuredmedia":[{"embeddable":true,"href":"https:\/\/staging.kabisu.id\/fr\/wp-json\/wp\/v2\/media\/1203"}],"wp:attachment":[{"href":"https:\/\/staging.kabisu.id\/fr\/wp-json\/wp\/v2\/media?parent=4002075"}],"curies":[{"name":"wp","href":"https:\/\/api.w.org\/{rel}","templated":true}]}}