{"id":4002077,"date":"2025-07-31T13:01:54","date_gmt":"2025-07-31T13:01:54","guid":{"rendered":"https:\/\/staging.kabisu.id\/le-restaurant\/"},"modified":"2025-08-01T14:18:32","modified_gmt":"2025-08-01T14:18:32","slug":"le-restaurant","status":"publish","type":"page","link":"https:\/\/staging.kabisu.id\/fr\/le-restaurant\/","title":{"rendered":"Kabisu &#8211; Le restaurant"},"content":{"rendered":"\t\t<div data-elementor-type=\"wp-page\" data-elementor-id=\"4002077\" class=\"elementor elementor-4002077 elementor-4001867\">\n\t\t\t\t<div class=\"elementor-element elementor-element-20f23e77 e-con-full e-flex e-con e-parent\" data-id=\"20f23e77\" data-element_type=\"container\" data-e-type=\"container\" data-settings=\"{&quot;background_background&quot;:&quot;classic&quot;}\">\n\t\t<div class=\"elementor-element elementor-element-3dd3d02f e-con-full e-flex e-con e-child\" data-id=\"3dd3d02f\" data-element_type=\"container\" data-e-type=\"container\">\n\t\t\t\t<div class=\"elementor-element elementor-element-16a5ff4d elementor-widget-divider--view-line elementor-widget elementor-widget-divider\" data-id=\"16a5ff4d\" data-element_type=\"widget\" data-e-type=\"widget\" data-widget_type=\"divider.default\">\n\t\t\t\t<div class=\"elementor-widget-container\">\n\t\t\t\t\t\t\t<div class=\"elementor-divider\">\n\t\t\t<span class=\"elementor-divider-separator\">\n\t\t\t\t\t\t<\/span>\n\t\t<\/div>\n\t\t\t\t\t\t<\/div>\n\t\t\t\t<\/div>\n\t\t\t\t<div class=\"elementor-element elementor-element-cf4cb86 elementor-widget elementor-widget-heading\" data-id=\"cf4cb86\" data-element_type=\"widget\" data-e-type=\"widget\" data-widget_type=\"heading.default\">\n\t\t\t\t<div class=\"elementor-widget-container\">\n\t\t\t\t\t<h1 class=\"elementor-heading-title elementor-size-default\">Le restaurant<\/h1>\t\t\t\t<\/div>\n\t\t\t\t<\/div>\n\t\t\t\t<div class=\"elementor-element elementor-element-581b4e7c elementor-widget-divider--view-line elementor-widget elementor-widget-divider\" data-id=\"581b4e7c\" data-element_type=\"widget\" data-e-type=\"widget\" data-widget_type=\"divider.default\">\n\t\t\t\t<div class=\"elementor-widget-container\">\n\t\t\t\t\t\t\t<div class=\"elementor-divider\">\n\t\t\t<span class=\"elementor-divider-separator\">\n\t\t\t\t\t\t<\/span>\n\t\t<\/div>\n\t\t\t\t\t\t<\/div>\n\t\t\t\t<\/div>\n\t\t\t\t<\/div>\n\t\t\t\t<\/div>\n\t\t<div class=\"elementor-element elementor-element-5dfa8e0c e-con-full e-flex e-con e-parent\" data-id=\"5dfa8e0c\" data-element_type=\"container\" data-e-type=\"container\" data-settings=\"{&quot;background_background&quot;:&quot;classic&quot;}\">\n\t\t<div class=\"elementor-element elementor-element-8544c25 e-con-full e-flex e-con e-child\" data-id=\"8544c25\" data-element_type=\"container\" data-e-type=\"container\">\n\t\t\t\t<div class=\"elementor-element elementor-element-2f2f68da elementor-widget elementor-widget-heading\" data-id=\"2f2f68da\" data-element_type=\"widget\" data-e-type=\"widget\" data-widget_type=\"heading.default\">\n\t\t\t\t<div class=\"elementor-widget-container\">\n\t\t\t\t\t<h2 class=\"elementor-heading-title elementor-size-default\">La table de Kabisu : Un go\u00fbt de Sumba, servi avec passion<\/h2>\t\t\t\t<\/div>\n\t\t\t\t<\/div>\n\t\t\t\t<div class=\"elementor-element elementor-element-441ef4aa elementor-widget-divider--view-line elementor-widget elementor-widget-divider\" data-id=\"441ef4aa\" data-element_type=\"widget\" data-e-type=\"widget\" data-widget_type=\"divider.default\">\n\t\t\t\t<div class=\"elementor-widget-container\">\n\t\t\t\t\t\t\t<div class=\"elementor-divider\">\n\t\t\t<span class=\"elementor-divider-separator\">\n\t\t\t\t\t\t<\/span>\n\t\t<\/div>\n\t\t\t\t\t\t<\/div>\n\t\t\t\t<\/div>\n\t\t\t\t<div class=\"elementor-element elementor-element-7a47383 elementor-widget__width-initial elementor-widget elementor-widget-text-editor\" data-id=\"7a47383\" data-element_type=\"widget\" data-e-type=\"widget\" data-widget_type=\"text-editor.default\">\n\t\t\t\t<div class=\"elementor-widget-container\">\n\t\t\t\t\t\t\t\t\t<p style=\"text-align: left;\" data-start=\"253\" data-end=\"519\">\u00c0 Kabisu, la nourriture n&rsquo;est pas seulement un carburant &#8211; c&rsquo;est une exp\u00e9rience, un rituel et un moyen de se connecter \u00e0 la terre. Nich\u00e9 au c\u0153ur de notre retraite, notre restaurant est volontairement petit, ce qui nous permet de nous concentrer sur ce qui compte vraiment : la qualit\u00e9, le soin et l&rsquo;attention port\u00e9e \u00e0 chaque d\u00e9tail. <\/p><p style=\"text-align: left;\" data-start=\"521\" data-end=\"673\">Avec une poign\u00e9e de tables et une \u00e9quipe qui conna\u00eet votre nom, notre exp\u00e9rience gastronomique est personnelle, saisonni\u00e8re et profond\u00e9ment ancr\u00e9e dans le rythme naturel de Sumba.<\/p><h2 data-start=\"680\" data-end=\"724\"> <\/h2><h2 style=\"text-align: left;\" data-start=\"680\" data-end=\"724\"><strong data-start=\"683\" data-end=\"724\">Ingr\u00e9dients locaux, inspiration mondiale<\/strong><\/h2><p style=\"text-align: left;\" data-start=\"726\" data-end=\"1080\">Notre cuisine c\u00e9l\u00e8bre les dons de l&rsquo;\u00eele. Qu&rsquo;il s&rsquo;agisse de poissons p\u00each\u00e9s \u00e0 la ligne directement dans les eaux voisines ou de l\u00e9gumes et d&rsquo;herbes fra\u00eechement cueillis dans notre jardin chaque matin, chaque ingr\u00e9dient raconte une histoire. Nous honorons les traditions sumbanaises tout en nous inspirant subtilement des cuisines de la M\u00e9diterran\u00e9e et de l&rsquo;Asie du Sud-Est &#8211; une cuisine l\u00e9g\u00e8re, lumineuse et pleine de saveurs.  <\/p><p style=\"text-align: left;\" data-start=\"1082\" data-end=\"1101\">Attendez-vous \u00e0 des plats comme :<\/p><ul style=\"text-align: left;\" data-start=\"1102\" data-end=\"1324\"><li data-start=\"1102\" data-end=\"1157\"><p data-start=\"1104\" data-end=\"1157\"><strong data-start=\"1104\" data-end=\"1125\">Mahi-mahi grill\u00e9<\/strong> \u00e0 la citronnelle et \u00e0 la cendre de noix de coco<\/p><\/li><li data-start=\"1158\" data-end=\"1220\"><p data-start=\"1160\" data-end=\"1220\"><strong data-start=\"1160\" data-end=\"1197\">Salade d&rsquo;aubergines et de tomates r\u00f4ties<\/strong> avec vinaigrette au tamarin<\/p><\/li><li data-start=\"1221\" data-end=\"1272\"><p data-start=\"1223\" data-end=\"1272\"><strong data-start=\"1223\" data-end=\"1249\">Chips de manioc maison<\/strong> au sel de mer et au citron vert<\/p><\/li><li data-start=\"1273\" data-end=\"1324\"><p data-start=\"1275\" data-end=\"1324\"><strong data-start=\"1275\" data-end=\"1299\">Frittata<\/strong> aux <strong data-start=\"1275\" data-end=\"1299\">herbes du jardin<\/strong> avec des \u0153ufs ramass\u00e9s \u00e0 la main<\/p><\/li><\/ul><p style=\"text-align: left;\" data-start=\"1326\" data-end=\"1440\">Des options v\u00e9g\u00e9tariennes, v\u00e9g\u00e9taliennes et sans gluten sont toujours disponibles &#8211; parce que la simplicit\u00e9 ne doit jamais \u00eatre synonyme de compromis.<\/p><h2 data-start=\"1447\" data-end=\"1470\"> <\/h2><h2 style=\"text-align: left;\" data-start=\"1447\" data-end=\"1470\"><strong data-start=\"1450\" data-end=\"1470\">D\u00eener, \u00e0 votre fa\u00e7on<\/strong><\/h2><p style=\"text-align: left;\" data-start=\"1472\" data-end=\"1699\">Commencez votre journ\u00e9e en d\u00e9gustant une papaye et un fruit de la passion sous les palmiers. Attardez-vous autour d&rsquo;un d\u00e9jeuner avec vue sur l&rsquo;oc\u00e9an et une boisson fra\u00eeche \u00e0 la main. \u00c0 la tomb\u00e9e de la nuit, d\u00e9gustez un d\u00eener aux chandelles autour des produits de saison et de la p\u00eache du jours.  <\/p><p style=\"text-align: left;\" data-start=\"1701\" data-end=\"1715\">Nous vous proposons \u00e9galement :<\/p><ul style=\"text-align: left;\" data-start=\"1716\" data-end=\"1920\"><li data-start=\"1716\" data-end=\"1787\"><p data-start=\"1718\" data-end=\"1787\"><strong data-start=\"1718\" data-end=\"1755\">Service dans les villas<\/strong> pour les propri\u00e9taires et les invit\u00e9s<\/p><\/li><li data-start=\"1788\" data-end=\"1851\"><p data-start=\"1790\" data-end=\"1851\"><strong data-start=\"1790\" data-end=\"1812\">D\u00eeners \u00e0<\/strong> la belle \u00e9toile pour les soir\u00e9es communautaires<\/p><\/li><li data-start=\"1852\" data-end=\"1920\"><p data-start=\"1854\" data-end=\"1920\"><strong data-start=\"1854\" data-end=\"1872\">\u00c9v\u00e9nements sp\u00e9ciaux<\/strong>: mariages, anniversaires, retraites, etc.<\/p><\/li><\/ul><p style=\"text-align: left;\" data-start=\"1922\" data-end=\"2006\">Chez Kabisu, chaque repas est con\u00e7u comme un moment de partage et de souvenir.<\/p><h2 data-start=\"2013\" data-end=\"2037\"> <\/h2><h2 style=\"text-align: left;\" data-start=\"2013\" data-end=\"2037\"><strong data-start=\"2016\" data-end=\"2037\">Enracin\u00e9s dans le respect<\/strong><\/h2><p style=\"text-align: left;\" data-start=\"2039\" data-end=\"2294\">La durabilit\u00e9 n&rsquo;est pas un mot \u00e0 la mode ici &#8211; c&rsquo;est notre fa\u00e7on de vivre. Notre jardin fournit la plupart de nos l\u00e9gumes, herbes et verdures. Nous travaillons directement avec des agriculteurs et des p\u00eacheurs locaux qui connaissent la terre et la mer. Nous compostons, \u00e9vitons le plastique et cuisinons avec intention.   <\/p><p style=\"text-align: left;\" data-start=\"2296\" data-end=\"2393\">En restant petits, nous pouvons faire les choses correctement &#8211; pour l&rsquo;environnement, pour nos clients et pour notre \u00e9quipe.<\/p><h2 data-start=\"2678\" data-end=\"2711\"> <\/h2><h2 style=\"text-align: left;\" data-start=\"2678\" data-end=\"2711\"><strong data-start=\"2681\" data-end=\"2711\">Un avant-go\u00fbt de la vie \u00e0 Kabisu<\/strong><\/h2><p style=\"text-align: left;\" data-start=\"2713\" data-end=\"2835\">Que vous vous joigniez \u00e0 nous pour un repas, une semaine ou toute une vie, nous vous invitons \u00e0 ralentir et \u00e0 savourer ce que Sumba a \u00e0 offrir.<\/p><p style=\"text-align: left;\" data-start=\"2837\" data-end=\"2983\"><em data-start=\"2837\" data-end=\"2983\">Et si vous tombez amoureux des saveurs, de la terre et du rythme de vie, sachez que nos villas sont con\u00e7ues pour ceux qui ne veulent jamais partir.<\/em><\/p>\t\t\t\t\t\t\t\t<\/div>\n\t\t\t\t<\/div>\n\t\t\t\t<\/div>\n\t\t<div class=\"elementor-element elementor-element-29b035cd e-con-full e-flex e-con e-child\" data-id=\"29b035cd\" data-element_type=\"container\" data-e-type=\"container\">\n\t\t\t\t<div class=\"elementor-element elementor-element-302ed8fa elementor-widget elementor-widget-image\" data-id=\"302ed8fa\" data-element_type=\"widget\" data-e-type=\"widget\" data-widget_type=\"image.default\">\n\t\t\t\t<div class=\"elementor-widget-container\">\n\t\t\t\t\t\t\t\t\t\t\t\t\t\t\t<img decoding=\"async\" src=\"https:\/\/staging.kabisu.id\/wp-content\/uploads\/elementor\/thumbs\/cropped-kabisu_sumba-isotype-600px-rf62ro5zocw57xf3k6kznph4c5nnvhfloe4i8rcwq6.png\" title=\"Favicon de Kabisu\" alt=\"Favicon de Kabisu\" loading=\"lazy\" \/>\t\t\t\t\t\t\t\t\t\t\t\t\t\t\t<\/div>\n\t\t\t\t<\/div>\n\t\t\t\t<\/div>\n\t\t\t\t<\/div>\n\t\t<div class=\"elementor-element elementor-element-6af20b75 e-con-full e-flex e-con e-parent\" data-id=\"6af20b75\" data-element_type=\"container\" data-e-type=\"container\">\n\t\t\t\t<div class=\"elementor-element elementor-element-62210ad9 gallery-layout-masonry content-visibility-none video-preview-player sticky-filter-bar-false elementor-widget elementor-widget-raven-media-gallery\" data-id=\"62210ad9\" data-element_type=\"widget\" data-e-type=\"widget\" data-widget_type=\"raven-media-gallery.default\">\n\t\t\t\t<div class=\"elementor-widget-container\">\n\t\t\t\t\t<div class=\"raven-media-gallery-wrapper\"><div class=\"raven-media-gallery-tab-contents\"><div data-raven-content-index=\"0\" class=\"content active\">\t\t<a class=\"gallery-item\" href=\"https:\/\/kabisu.id\/wp-content\/uploads\/2025\/02\/Kabisu-Lounge-Restaurant-1-1.jpg\" data-elementor-open-lightbox=\"yes\" data-elementor-lightbox-slideshow=\"all-62210ad9\" rel=\"noopener\">\n\t\t\t<div class=\"type-image\">\n\t\t\t\t<div class=\"poster\">\n\t\t\t\t\t\t\t\t\t\t<img decoding=\"async\" src=\"https:\/\/staging.kabisu.id\/wp-content\/uploads\/2025\/02\/Kabisu-Lounge-Restaurant-1-1.jpg\" alt=\"Kabisu---Lounge-&amp;-Restaurant---1\">\n\t\t\t\t<\/div>\n\t\t\t<\/div>\n\t\t\t\t\t<div class=\"overlay\">\n\t\t\t\t\t\t\t<p class=\"title\">\n\t\t\t\t\tKabisu---Lounge-&amp;-Restaurant---1\t\t\t\t<\/p>\n\t\t\t\t\t\t\t<p class=\"caption\">\n\t\t\t\t\tKabisu---Lounge-&amp;-Restaurant---1\t\t\t\t<\/p>\n\t\t\t\t\t\t\t<p class=\"description\">\n\t\t\t\t\tKabisu---Lounge-&amp;-Restaurant---1\t\t\t\t<\/p>\n\t\t\t\t\t\t\t<p class=\"alt\">\n\t\t\t\t\tKabisu---Lounge-&amp;-Restaurant---1\t\t\t\t<\/p>\n\t\t\t\t\t<\/div>\n\t\t\t\t<\/a>\n\t\t\t\t<a class=\"gallery-item\" href=\"https:\/\/kabisu.id\/wp-content\/uploads\/2025\/02\/Kabisu-Lounge-Restaurant-4.jpg\" data-elementor-open-lightbox=\"yes\" data-elementor-lightbox-slideshow=\"all-62210ad9\" rel=\"noopener\">\n\t\t\t<div class=\"type-image\">\n\t\t\t\t<div class=\"poster\">\n\t\t\t\t\t\t\t\t\t\t<img decoding=\"async\" src=\"https:\/\/staging.kabisu.id\/wp-content\/uploads\/2025\/02\/Kabisu-Lounge-Restaurant-4.jpg\" alt=\"The Kabisu Restaurant &amp; Lounge\">\n\t\t\t\t<\/div>\n\t\t\t<\/div>\n\t\t\t\t\t<div class=\"overlay\">\n\t\t\t\t\t\t\t<p class=\"title\">\n\t\t\t\t\tKabisu - Lounge &amp; Restaurant - 4\t\t\t\t<\/p>\n\t\t\t\t\t\t\t<p class=\"caption\">\n\t\t\t\t\tThe Kabisu Restaurant &amp; Lounge\t\t\t\t<\/p>\n\t\t\t\t\t\t\t<p class=\"description\">\n\t\t\t\t\tThe Kabisu Restaurant &amp; Lounge\t\t\t\t<\/p>\n\t\t\t\t\t\t\t<p class=\"alt\">\n\t\t\t\t\tThe Kabisu Restaurant &amp; Lounge\t\t\t\t<\/p>\n\t\t\t\t\t<\/div>\n\t\t\t\t<\/a>\n\t\t\t\t<a class=\"gallery-item\" href=\"https:\/\/kabisu.id\/wp-content\/uploads\/2025\/02\/Kabisu-Lounge-Restaurant-11.jpg\" data-elementor-open-lightbox=\"yes\" data-elementor-lightbox-slideshow=\"all-62210ad9\" rel=\"noopener\">\n\t\t\t<div class=\"type-image\">\n\t\t\t\t<div class=\"poster\">\n\t\t\t\t\t\t\t\t\t\t<img decoding=\"async\" src=\"https:\/\/staging.kabisu.id\/wp-content\/uploads\/2025\/02\/Kabisu-Lounge-Restaurant-11.jpg\" alt=\"Kabisu - Lounge &amp; Restaurant - 11\">\n\t\t\t\t<\/div>\n\t\t\t<\/div>\n\t\t\t\t\t<div class=\"overlay\">\n\t\t\t\t\t\t\t<p class=\"title\">\n\t\t\t\t\tKabisu - Lounge &amp; Restaurant - 11\t\t\t\t<\/p>\n\t\t\t\t\t\t\t<p class=\"caption\">\n\t\t\t\t\tKabisu - Lounge &amp; Restaurant - 11\t\t\t\t<\/p>\n\t\t\t\t\t\t\t<p class=\"description\">\n\t\t\t\t\tKabisu - Lounge &amp; Restaurant - 11\t\t\t\t<\/p>\n\t\t\t\t\t\t\t<p class=\"alt\">\n\t\t\t\t\tKabisu - Lounge &amp; Restaurant - 11\t\t\t\t<\/p>\n\t\t\t\t\t<\/div>\n\t\t\t\t<\/a>\n\t\t\t\t<a class=\"gallery-item\" href=\"https:\/\/kabisu.id\/wp-content\/uploads\/2025\/02\/Kabisu-Lounge-Restaurant-9.jpg\" data-elementor-open-lightbox=\"yes\" data-elementor-lightbox-slideshow=\"all-62210ad9\" rel=\"noopener\">\n\t\t\t<div class=\"type-image\">\n\t\t\t\t<div class=\"poster\">\n\t\t\t\t\t\t\t\t\t\t<img decoding=\"async\" src=\"https:\/\/staging.kabisu.id\/wp-content\/uploads\/2025\/02\/Kabisu-Lounge-Restaurant-9.jpg\" alt=\"The Kabisu Restaurant\">\n\t\t\t\t<\/div>\n\t\t\t<\/div>\n\t\t\t\t\t<div class=\"overlay\">\n\t\t\t\t\t\t\t<p class=\"title\">\n\t\t\t\t\tKabisu - Lounge &amp; Restaurant - 9\t\t\t\t<\/p>\n\t\t\t\t\t\t\t<p class=\"caption\">\n\t\t\t\t\tThe Kabisu Restaurant\t\t\t\t<\/p>\n\t\t\t\t\t\t\t<p class=\"description\">\n\t\t\t\t\tThe Kabisu Restaurant\t\t\t\t<\/p>\n\t\t\t\t\t\t\t<p class=\"alt\">\n\t\t\t\t\tThe Kabisu Restaurant\t\t\t\t<\/p>\n\t\t\t\t\t<\/div>\n\t\t\t\t<\/a>\n\t\t<\/div><\/div><\/div>\t\t\t\t<\/div>\n\t\t\t\t<\/div>\n\t\t\t\t<\/div>\n\t\t<div class=\"elementor-element elementor-element-4ca92532 e-con-full e-flex e-con e-parent\" data-id=\"4ca92532\" data-element_type=\"container\" data-e-type=\"container\" data-settings=\"{&quot;background_background&quot;:&quot;classic&quot;}\">\n\t\t\t\t<div class=\"elementor-element elementor-element-9e98bd8 raven-cta--skin-cover elementor-widget__width-inherit e-transform elementor-animated-content raven-bg-transform raven-bg-transform-zoom-in elementor-widget elementor-widget-raven-call-to-action\" data-id=\"9e98bd8\" data-element_type=\"widget\" data-e-type=\"widget\" data-settings=\"{&quot;_transform_scaleX_effect&quot;:{&quot;unit&quot;:&quot;px&quot;,&quot;size&quot;:&quot;&quot;,&quot;sizes&quot;:[]},&quot;_transform_scaleX_effect_tablet&quot;:{&quot;unit&quot;:&quot;px&quot;,&quot;size&quot;:&quot;&quot;,&quot;sizes&quot;:[]},&quot;_transform_scaleX_effect_mobile&quot;:{&quot;unit&quot;:&quot;px&quot;,&quot;size&quot;:&quot;&quot;,&quot;sizes&quot;:[]},&quot;_transform_scaleY_effect&quot;:{&quot;unit&quot;:&quot;px&quot;,&quot;size&quot;:&quot;&quot;,&quot;sizes&quot;:[]},&quot;_transform_scaleY_effect_tablet&quot;:{&quot;unit&quot;:&quot;px&quot;,&quot;size&quot;:&quot;&quot;,&quot;sizes&quot;:[]},&quot;_transform_scaleY_effect_mobile&quot;:{&quot;unit&quot;:&quot;px&quot;,&quot;size&quot;:&quot;&quot;,&quot;sizes&quot;:[]}}\" data-widget_type=\"raven-call-to-action.default\">\n\t\t\t\t<div class=\"elementor-widget-container\">\n\t\t\t\t\t<a class=\"raven-cta\" href=\"https:\/\/staging.kabisu.id\/contact\/\">\n\t\t\t\t\t<div class=\"raven-cta__bg-wrapper\">\n\t\t\t\t<div class=\"raven-cta__bg raven-bg\" style=\"background-image: url(https:\/\/staging.kabisu.id\/wp-content\/uploads\/2025\/02\/01.jpg);\"><\/div>\n\t\t\t\t<div class=\"raven-cta__bg-overlay\"><\/div>\n\t\t\t<\/div>\n\t\t\t\t\t\t\t\t\t\t<div class=\"raven-cta__content\">\n\t\t\t\t\n\t\t\t\t<h2 class=\"raven-cta__title raven-cta__content-item elementor-content-item elementor-animated-item--grow\">Devenez propri\u00e9taire d&#039;un bien locatif au paradis<\/h2>\n\t\t\t\t\n\t\t\t\t\t\t\t\t\t<div class=\"raven-cta__button-wrapper raven-cta__content-item elementor-content-item elementor-animated-item--grow\">\n\t\t\t\t\t<span class=\"raven-cta__button elementor-button raven-elementor-size-xl raven-elementor-size-mobile- raven-elementor-size-tablet-\">\n\t\t\t\t\t\tPrenez contact avec nous\t\t\t\t\t<\/span>\n\t\t\t\t\t<\/div>\n\t\t\t\t\n\t\t\t\t\t\t\t<\/div>\n\t\t\t\t<\/a>\n\t\t\t\t\t\t<\/div>\n\t\t\t\t<\/div>\n\t\t\t\t<\/div>\n\t\t\t\t<\/div>\n\t\t","protected":false},"excerpt":{"rendered":"<p>Le restaurant La table de Kabisu : Un go\u00fbt de Sumba, servi avec passion \u00c0 Kabisu, la nourriture n&rsquo;est pas seulement un carburant &#8211; c&rsquo;est une exp\u00e9rience, un rituel et un moyen de se connecter \u00e0 la terre. Nich\u00e9 au c\u0153ur de notre retraite, notre restaurant est volontairement petit, ce qui nous permet de nous [&hellip;]<\/p>\n","protected":false},"author":2000003,"featured_media":1208,"parent":0,"menu_order":0,"comment_status":"closed","ping_status":"closed","template":"elementor_header_footer","meta":{"_acf_changed":false,"footnotes":""},"class_list":["post-4002077","page","type-page","status-publish","has-post-thumbnail","hentry"],"acf":[],"_links":{"self":[{"href":"https:\/\/staging.kabisu.id\/fr\/wp-json\/wp\/v2\/pages\/4002077","targetHints":{"allow":["GET"]}}],"collection":[{"href":"https:\/\/staging.kabisu.id\/fr\/wp-json\/wp\/v2\/pages"}],"about":[{"href":"https:\/\/staging.kabisu.id\/fr\/wp-json\/wp\/v2\/types\/page"}],"author":[{"embeddable":true,"href":"https:\/\/staging.kabisu.id\/fr\/wp-json\/wp\/v2\/users\/2000003"}],"replies":[{"embeddable":true,"href":"https:\/\/staging.kabisu.id\/fr\/wp-json\/wp\/v2\/comments?post=4002077"}],"version-history":[{"count":2,"href":"https:\/\/staging.kabisu.id\/fr\/wp-json\/wp\/v2\/pages\/4002077\/revisions"}],"predecessor-version":[{"id":5002756,"href":"https:\/\/staging.kabisu.id\/fr\/wp-json\/wp\/v2\/pages\/4002077\/revisions\/5002756"}],"wp:featuredmedia":[{"embeddable":true,"href":"https:\/\/staging.kabisu.id\/fr\/wp-json\/wp\/v2\/media\/1208"}],"wp:attachment":[{"href":"https:\/\/staging.kabisu.id\/fr\/wp-json\/wp\/v2\/media?parent=4002077"}],"curies":[{"name":"wp","href":"https:\/\/api.w.org\/{rel}","templated":true}]}}