{"id":4002079,"date":"2025-07-31T14:39:56","date_gmt":"2025-07-31T14:39:56","guid":{"rendered":"https:\/\/staging.kabisu.id\/les-installations\/"},"modified":"2025-08-01T14:26:10","modified_gmt":"2025-08-01T14:26:10","slug":"les-installations","status":"publish","type":"page","link":"https:\/\/staging.kabisu.id\/fr\/les-installations\/","title":{"rendered":"Kabisu &#8211; Les installations"},"content":{"rendered":"\t\t<div data-elementor-type=\"wp-page\" data-elementor-id=\"4002079\" class=\"elementor elementor-4002079 elementor-4001900\">\n\t\t\t\t<div class=\"elementor-element elementor-element-639bd088 e-con-full e-flex e-con e-parent\" data-id=\"639bd088\" data-element_type=\"container\" data-e-type=\"container\" data-settings=\"{&quot;background_background&quot;:&quot;classic&quot;}\">\n\t\t<div class=\"elementor-element elementor-element-66757a9 e-con-full e-flex e-con e-child\" data-id=\"66757a9\" data-element_type=\"container\" data-e-type=\"container\">\n\t\t\t\t<div class=\"elementor-element elementor-element-2703124d elementor-widget-divider--view-line elementor-widget elementor-widget-divider\" data-id=\"2703124d\" data-element_type=\"widget\" data-e-type=\"widget\" data-widget_type=\"divider.default\">\n\t\t\t\t<div class=\"elementor-widget-container\">\n\t\t\t\t\t\t\t<div class=\"elementor-divider\">\n\t\t\t<span class=\"elementor-divider-separator\">\n\t\t\t\t\t\t<\/span>\n\t\t<\/div>\n\t\t\t\t\t\t<\/div>\n\t\t\t\t<\/div>\n\t\t\t\t<div class=\"elementor-element elementor-element-3fea7530 elementor-widget elementor-widget-heading\" data-id=\"3fea7530\" data-element_type=\"widget\" data-e-type=\"widget\" data-widget_type=\"heading.default\">\n\t\t\t\t<div class=\"elementor-widget-container\">\n\t\t\t\t\t<h1 class=\"elementor-heading-title elementor-size-default\">Les installations<\/h1>\t\t\t\t<\/div>\n\t\t\t\t<\/div>\n\t\t\t\t<div class=\"elementor-element elementor-element-77de5788 elementor-widget-divider--view-line elementor-widget elementor-widget-divider\" data-id=\"77de5788\" data-element_type=\"widget\" data-e-type=\"widget\" data-widget_type=\"divider.default\">\n\t\t\t\t<div class=\"elementor-widget-container\">\n\t\t\t\t\t\t\t<div class=\"elementor-divider\">\n\t\t\t<span class=\"elementor-divider-separator\">\n\t\t\t\t\t\t<\/span>\n\t\t<\/div>\n\t\t\t\t\t\t<\/div>\n\t\t\t\t<\/div>\n\t\t\t\t<\/div>\n\t\t\t\t<\/div>\n\t\t<div class=\"elementor-element elementor-element-5aa50f04 e-con-full e-flex e-con e-parent\" data-id=\"5aa50f04\" data-element_type=\"container\" data-e-type=\"container\" data-settings=\"{&quot;background_background&quot;:&quot;classic&quot;}\">\n\t\t<div class=\"elementor-element elementor-element-4f116d5a e-con-full e-flex e-con e-child\" data-id=\"4f116d5a\" data-element_type=\"container\" data-e-type=\"container\">\n\t\t\t\t<div class=\"elementor-element elementor-element-44a885e9 elementor-widget elementor-widget-heading\" data-id=\"44a885e9\" data-element_type=\"widget\" data-e-type=\"widget\" data-widget_type=\"heading.default\">\n\t\t\t\t<div class=\"elementor-widget-container\">\n\t\t\t\t\t<h2 class=\"elementor-heading-title elementor-size-default\">L\u00e0 o\u00f9 le bien-\u00eatre, la communaut\u00e9 et la vie sur l'\u00eele coulent de source<\/h2>\t\t\t\t<\/div>\n\t\t\t\t<\/div>\n\t\t\t\t<div class=\"elementor-element elementor-element-78451356 elementor-widget-divider--view-line elementor-widget elementor-widget-divider\" data-id=\"78451356\" data-element_type=\"widget\" data-e-type=\"widget\" data-widget_type=\"divider.default\">\n\t\t\t\t<div class=\"elementor-widget-container\">\n\t\t\t\t\t\t\t<div class=\"elementor-divider\">\n\t\t\t<span class=\"elementor-divider-separator\">\n\t\t\t\t\t\t<\/span>\n\t\t<\/div>\n\t\t\t\t\t\t<\/div>\n\t\t\t\t<\/div>\n\t\t\t\t<div class=\"elementor-element elementor-element-7e1b98d2 elementor-widget__width-initial elementor-widget elementor-widget-text-editor\" data-id=\"7e1b98d2\" data-element_type=\"widget\" data-e-type=\"widget\" data-widget_type=\"text-editor.default\">\n\t\t\t\t<div class=\"elementor-widget-container\">\n\t\t\t\t\t\t\t\t\t<p style=\"text-align: left;\" data-start=\"287\" data-end=\"446\">\u00c0 Kabisu, nous avons con\u00e7u chaque espace dans un seul but : vous aider \u00e0 ralentir et \u00e0 vous sentir connect\u00e9 &#8211; \u00e0 vous-m\u00eame, aux autres et aux rythmes de la terre.<\/p><p style=\"text-align: left;\" data-start=\"448\" data-end=\"617\">Qu&rsquo;il s&rsquo;agisse de sport dans notre gym ou de cocktails au bar du coucher de soleil, chaque installation est construite \u00e0 petite \u00e9chelle, ouverte sur la nature, et con\u00e7ue pour offrir de la profondeur plut\u00f4t que de la distraction.<\/p><h2 style=\"text-align: left;\" data-start=\"624\" data-end=\"653\"> <\/h2><h2 style=\"text-align: left;\" data-start=\"624\" data-end=\"653\"><strong data-start=\"633\" data-end=\"651\">Le Yoga Shala<\/strong><\/h2><p style=\"text-align: left;\"><em><strong>S&rsquo;adapter \u00e0 l&rsquo;\u00eele<\/strong><\/em><\/p><p style=\"text-align: left;\" data-start=\"680\" data-end=\"862\">Nich\u00e9e au milieu des palmiers qui se balancent et surplombant l&rsquo;oc\u00e9an, notre salle de yoga en plein air invite \u00e0 l&rsquo;immobilit\u00e9, \u00e0 la respiration et au bien-\u00eatre. C&rsquo;est un espace sacr\u00e9, pieds nus et ouvert \u00e0 tous les niveaux. <\/p><p style=\"text-align: left;\" data-start=\"864\" data-end=\"1012\">Que vous participiez \u00e0 une s\u00e9ance guid\u00e9e au lever du soleil ou que vous d\u00e9rouliez votre tapis pour des \u00e9tirements au coucher du soleil, le shala est toujours l\u00e0 lorsque vous avez besoin de revenir \u00e0 vous-m\u00eame.<\/p><ul style=\"text-align: left;\" data-start=\"1014\" data-end=\"1129\"><li data-start=\"1014\" data-end=\"1043\"><p data-start=\"1016\" data-end=\"1043\">Espace d&rsquo;auto-pratique quotidienne<\/p><\/li><li data-start=\"1044\" data-end=\"1081\"><p data-start=\"1046\" data-end=\"1081\">Yoga hebdomadaire guid\u00e9 et travail sur la respiration<\/p><\/li><li data-start=\"1082\" data-end=\"1129\"><p data-start=\"1084\" data-end=\"1129\">Disponible pour des retraites et des sessions priv\u00e9es<\/p><\/li><\/ul><h2 style=\"text-align: left;\" data-start=\"1136\" data-end=\"1170\"> <\/h2><h2 style=\"text-align: left;\" data-start=\"1136\" data-end=\"1170\"><strong data-start=\"1142\" data-end=\"1168\">Pavillon du spa et de la gu\u00e9rison<\/strong><\/h2><p style=\"text-align: left;\"><em><strong>Rituels de repos et de renouvellement<\/strong><\/em><\/p><p style=\"text-align: left;\" data-start=\"1205\" data-end=\"1405\">Notre spa intime se concentre sur la gu\u00e9rison \u00e9l\u00e9mentaire, inspir\u00e9e par les mat\u00e9riaux naturels et les traditions anciennes de l&rsquo;\u00eele. Nous utilisons des huiles de noix de coco press\u00e9es \u00e0 froid, des herbes sauvages et des sels s\u00e9ch\u00e9s au soleil sur la c\u00f4te de Sumba. <\/p><p style=\"text-align: left;\" data-start=\"1407\" data-end=\"1490\">Les traitements sont personnalis\u00e9s et lents, con\u00e7us pour vous restaurer &#8211; et pas seulement pour vous d\u00e9tendre.<\/p><ul style=\"text-align: left;\" data-start=\"1492\" data-end=\"1647\"><li data-start=\"1492\" data-end=\"1526\"><p data-start=\"1494\" data-end=\"1526\">Massages traditionnels sumbanais<\/p><\/li><li data-start=\"1527\" data-end=\"1563\"><p data-start=\"1529\" data-end=\"1563\">Tissu profond + r\u00e9cup\u00e9ration apr\u00e8s le surf<\/p><\/li><li data-start=\"1564\" data-end=\"1598\"><p data-start=\"1566\" data-end=\"1598\">Gommages corporels et soins du visage \u00e0 base de plantes<\/p><\/li><li data-start=\"1599\" data-end=\"1647\"><p data-start=\"1601\" data-end=\"1647\">Douches en plein air, senteurs de jardin, silence pur<\/p><\/li><\/ul><h2 style=\"text-align: left;\" data-start=\"1654\" data-end=\"1676\"> <\/h2><h2 style=\"text-align: left;\" data-start=\"237\" data-end=\"259\"><strong data-start=\"243\" data-end=\"257\">Bar du coucher du soleil<\/strong><\/h2><p style=\"text-align: left;\" data-start=\"260\" data-end=\"308\"><strong><em>Une escapade \u00e0 flanc de falaise avec une vue sans pareille<\/em><\/strong><\/p><p style=\"text-align: left;\" data-start=\"310\" data-end=\"582\">Situ\u00e9 au sommet d&rsquo;une formation rocheuse naturelle \u00e0 l&rsquo;extr\u00e9mit\u00e9 sud de Kabisu, notre Sunset Bar offre l&rsquo;un des points de vue les plus \u00e9poustouflants de l&rsquo;\u00eele. Avec une vue imprenable sur le littoral sauvage et le vaste oc\u00e9an Indien, c&rsquo;est l&rsquo;endroit id\u00e9al pour perdre la notion du temps. <\/p><p style=\"text-align: left;\" data-start=\"584\" data-end=\"741\">Orient\u00e9 vers le sud, il offre une vue \u00e9poustouflante sur la mer. Lorsque la lumi\u00e8re s&rsquo;adoucit, les falaises, les vagues et les nuages cr\u00e9ent un spectacle qui leur est propre pour un coucher de soleil inoubliable.<\/p><p style=\"text-align: left;\" data-start=\"743\" data-end=\"769\">Venez pieds nus, venez souvent.<\/p><ul style=\"text-align: left;\" data-start=\"771\" data-end=\"999\"><li data-start=\"771\" data-end=\"822\"><p data-start=\"773\" data-end=\"822\">Cocktails tropicaux et spiritueux des \u00eeles<\/p><\/li><li data-start=\"823\" data-end=\"861\"><p data-start=\"825\" data-end=\"861\">Carte des vins et petits ap\u00e9ritifs<\/p><\/li><li data-start=\"919\" data-end=\"999\"><p data-start=\"921\" data-end=\"999\">Ouvert aux h\u00f4tes et aux propri\u00e9taires de villas &#8211; avec un espace pour s&rsquo;asseoir, siroter et respirer.<\/p><\/li><\/ul><h2 style=\"text-align: left;\" data-start=\"2148\" data-end=\"2171\"> <\/h2><h2 style=\"text-align: left;\" data-start=\"2148\" data-end=\"2171\"><strong data-start=\"2155\" data-end=\"2169\">Jungle Gym<\/strong><\/h2><p style=\"text-align: left;\"><em><strong>Rester ancr\u00e9, rester fort<\/strong><\/em><\/p><p style=\"text-align: left;\" data-start=\"2204\" data-end=\"2393\">Nous avons r\u00e9imagin\u00e9 l&rsquo;exp\u00e9rience de la salle de sport &#8211; en \u00e9liminant le bruit et les murs, et en laissant entrer la nature. Notre salle de sport est en plein air, entour\u00e9e de verdure et \u00e9quip\u00e9e de tout ce dont vous avez besoin pour bien bouger. <\/p><p style=\"text-align: left;\" data-start=\"2395\" data-end=\"2496\">Qu&rsquo;il s&rsquo;agisse de musculation, de mobilit\u00e9 ou d&rsquo;une s\u00e9ance matinale rapide, c&rsquo;est votre espace pour faire le plein d&rsquo;\u00e9nergie.<\/p><ul style=\"text-align: left;\" data-start=\"2498\" data-end=\"2639\"><li data-start=\"2498\" data-end=\"2537\"><p data-start=\"2500\" data-end=\"2537\">Poids libres + \u00e9quipement fonctionnel<\/p><\/li><li data-start=\"2538\" data-end=\"2564\"><p data-start=\"2540\" data-end=\"2564\">TRX + bandes de r\u00e9sistance<\/p><\/li><li data-start=\"2565\" data-end=\"2598\"><p data-start=\"2567\" data-end=\"2598\">Douche ext\u00e9rieure + serviettes fra\u00eeches<\/p><\/li><li data-start=\"2599\" data-end=\"2639\"><p data-start=\"2601\" data-end=\"2639\">Sessions de coaching optionnelles disponibles<\/p><\/li><\/ul><h2 style=\"text-align: left;\" data-start=\"2646\" data-end=\"2683\"> <\/h2><h2 style=\"text-align: left;\" data-start=\"2646\" data-end=\"2683\"><strong data-start=\"2652\" data-end=\"2681\">Des espaces partag\u00e9s \u00e0 d\u00e9couvrir<\/strong><\/h2><p style=\"text-align: left;\"><em><strong>Con\u00e7u pour des moments de tranquillit\u00e9 et une connexion franche<\/strong><\/em><\/p><p style=\"text-align: left;\" data-start=\"2738\" data-end=\"2864\">Au-del\u00e0 des grandes installations, Kabisu propose de petits espaces qui rassemblent les gens &#8211; ou qui vous donnent l&rsquo;occasion de vous d\u00e9tendre simplement.<\/p><ul style=\"text-align: left;\" data-start=\"2866\" data-end=\"3164\"><li data-start=\"2866\" data-end=\"2922\"><p data-start=\"2868\" data-end=\"2922\"><strong data-start=\"2882\" data-end=\"2899\">Piscine<\/strong> \u00e0 d\u00e9bordement avec vue panoramique<\/p><\/li><li data-start=\"2923\" data-end=\"2977\"><p data-start=\"2925\" data-end=\"2977\"><strong data-start=\"2925\" data-end=\"2943\">Salon ext\u00e9rieur<\/strong> pour observer les \u00e9toiles et se raconter des histoires<\/p><\/li><li data-start=\"2978\" data-end=\"3033\"><p data-start=\"2980\" data-end=\"3033\"><strong data-start=\"2980\" data-end=\"3000\">Des espaces de co-working<\/strong> pour les nomades num\u00e9riques<\/p><\/li><li data-start=\"3034\" data-end=\"3094\"><p data-start=\"3036\" data-end=\"3094\"><strong data-start=\"3036\" data-end=\"3055\">Des all\u00e9es de jardin<\/strong> o\u00f9 tout pousse lentement et sauvagement<\/p><\/li><li data-start=\"3095\" data-end=\"3164\"><p data-start=\"3097\" data-end=\"3164\"><strong data-start=\"3097\" data-end=\"3131\">Stockage des planches de surf<\/strong> pour les l\u00e8ve-t\u00f4t \u00e0 la recherche de vagues<\/p><\/li><\/ul><h2 style=\"text-align: left;\" data-start=\"3171\" data-end=\"3207\"> <\/h2><h2 style=\"text-align: left;\" data-start=\"3171\" data-end=\"3207\"><strong data-start=\"3177\" data-end=\"3207\">L\u00e0 o\u00f9 chaque d\u00e9tail compte<\/strong><\/h2><p style=\"text-align: left;\" data-start=\"3209\" data-end=\"3453\">Tous nos espaces sont con\u00e7us en harmonie avec la terre &#8211; construits avec des mat\u00e9riaux locaux, entretenus avec soin et con\u00e7us pour \u00eatre intemporels. Il ne s&rsquo;agit pas d&rsquo;un resort aux installations interminables, mais d&rsquo;un lieu o\u00f9 chaque espace est <strong data-start=\"3420\" data-end=\"3435\">\u00e0 l&rsquo;\u00e9chelle humaine<\/strong> et plein d&rsquo;\u00e2me. <\/p><p style=\"text-align: left;\" data-start=\"3455\" data-end=\"3606\">Que vous restiez une semaine ou que vous investissiez pour la vie, Kabisu est con\u00e7u pour une vie sans effort, naturelle et profond\u00e9ment v\u00e9cue.<\/p>\t\t\t\t\t\t\t\t<\/div>\n\t\t\t\t<\/div>\n\t\t\t\t<\/div>\n\t\t<div class=\"elementor-element elementor-element-5116c4e8 e-con-full e-flex e-con e-child\" data-id=\"5116c4e8\" data-element_type=\"container\" data-e-type=\"container\">\n\t\t\t\t<div class=\"elementor-element elementor-element-1be6e9ae elementor-widget elementor-widget-image\" data-id=\"1be6e9ae\" data-element_type=\"widget\" data-e-type=\"widget\" data-widget_type=\"image.default\">\n\t\t\t\t<div class=\"elementor-widget-container\">\n\t\t\t\t\t\t\t\t\t\t\t\t\t\t\t<img decoding=\"async\" src=\"https:\/\/staging.kabisu.id\/wp-content\/uploads\/elementor\/thumbs\/cropped-kabisu_sumba-isotype-600px-rf62ro5zocw57xf3k6kznph4c5nnvhfloe4i8rcwq6.png\" title=\"Favicon de Kabisu\" alt=\"Favicon de Kabisu\" loading=\"lazy\" \/>\t\t\t\t\t\t\t\t\t\t\t\t\t\t\t<\/div>\n\t\t\t\t<\/div>\n\t\t\t\t<\/div>\n\t\t\t\t<\/div>\n\t\t<div class=\"elementor-element elementor-element-4703915 e-con-full e-flex e-con e-parent\" data-id=\"4703915\" data-element_type=\"container\" data-e-type=\"container\">\n\t\t\t\t<div class=\"elementor-element elementor-element-4f1f252b gallery-layout-masonry content-visibility-none video-preview-player sticky-filter-bar-false elementor-widget elementor-widget-raven-media-gallery\" data-id=\"4f1f252b\" data-element_type=\"widget\" data-e-type=\"widget\" data-widget_type=\"raven-media-gallery.default\">\n\t\t\t\t<div class=\"elementor-widget-container\">\n\t\t\t\t\t<div class=\"raven-media-gallery-wrapper\"><div class=\"raven-media-gallery-tab-contents\"><div data-raven-content-index=\"0\" class=\"content active\">\t\t<a class=\"gallery-item\" href=\"https:\/\/kabisu.id\/wp-content\/uploads\/2025\/02\/Kabisu-Lounge-Restaurant-1-1.jpg\" data-elementor-open-lightbox=\"yes\" data-elementor-lightbox-slideshow=\"all-4f1f252b\" rel=\"noopener\">\n\t\t\t<div class=\"type-image\">\n\t\t\t\t<div class=\"poster\">\n\t\t\t\t\t\t\t\t\t\t<img decoding=\"async\" src=\"https:\/\/staging.kabisu.id\/wp-content\/uploads\/2025\/02\/Kabisu-Lounge-Restaurant-1-1.jpg\" alt=\"Kabisu---Lounge-&amp;-Restaurant---1\">\n\t\t\t\t<\/div>\n\t\t\t<\/div>\n\t\t\t\t\t<div class=\"overlay\">\n\t\t\t\t\t\t\t<p class=\"title\">\n\t\t\t\t\tKabisu---Lounge-&amp;-Restaurant---1\t\t\t\t<\/p>\n\t\t\t\t\t\t\t<p class=\"caption\">\n\t\t\t\t\tKabisu---Lounge-&amp;-Restaurant---1\t\t\t\t<\/p>\n\t\t\t\t\t\t\t<p class=\"description\">\n\t\t\t\t\tKabisu---Lounge-&amp;-Restaurant---1\t\t\t\t<\/p>\n\t\t\t\t\t\t\t<p class=\"alt\">\n\t\t\t\t\tKabisu---Lounge-&amp;-Restaurant---1\t\t\t\t<\/p>\n\t\t\t\t\t<\/div>\n\t\t\t\t<\/a>\n\t\t\t\t<a class=\"gallery-item\" href=\"https:\/\/kabisu.id\/wp-content\/uploads\/2025\/02\/Kabisu-Land-3.png\" data-elementor-open-lightbox=\"yes\" data-elementor-lightbox-slideshow=\"all-4f1f252b\" rel=\"noopener\">\n\t\t\t<div class=\"type-image\">\n\t\t\t\t<div class=\"poster\">\n\t\t\t\t\t\t\t\t\t\t<img decoding=\"async\" src=\"https:\/\/staging.kabisu.id\/wp-content\/uploads\/2025\/02\/Kabisu-Land-3.png\" alt=\"Kabisu Land\">\n\t\t\t\t<\/div>\n\t\t\t<\/div>\n\t\t\t\t\t<div class=\"overlay\">\n\t\t\t\t\t\t\t<p class=\"title\">\n\t\t\t\t\tKabisu Land\t\t\t\t<\/p>\n\t\t\t\t\t\t\t<p class=\"caption\">\n\t\t\t\t\tKabisu Land\t\t\t\t<\/p>\n\t\t\t\t\t\t\t<p class=\"description\">\n\t\t\t\t\tKabisu Land\t\t\t\t<\/p>\n\t\t\t\t\t\t\t<p class=\"alt\">\n\t\t\t\t\tKabisu Land\t\t\t\t<\/p>\n\t\t\t\t\t<\/div>\n\t\t\t\t<\/a>\n\t\t\t\t<div class=\"gallery-item\" data-elementor-lightbox='{&quot;type&quot;:&quot;html&quot;,&quot;html&quot;:&quot;&lt;div class=\\&quot;raven-media-gallery-lightbox-item type-video hosted-video\\&quot;&gt;&lt;video autoplay controls poster=\\&quot;\\&quot;&gt;&lt;source src=\\&quot;https:\\\/\\\/kabisu.id\\\/wp-content\\\/uploads\\\/2025\\\/05\\\/Kabisu-Villa-No-Logo-with-sound.webm\\&quot;&gt;&lt;\\\/video&gt;&lt;\\\/div&gt;&quot;,&quot;modalOptions&quot;:{&quot;id&quot;:&quot;all-4f1f252b&quot;}}'>\n\t\t\t<div class=\"type-video self-hosted\">\n\t\t\t\t\t\t\t\t\t<video controls poster=\" \">\n\t\t\t\t\t\t<source src=\"https:\/\/kabisu.id\/wp-content\/uploads\/2025\/05\/Kabisu-Villa-No-Logo-with-sound.webm\">\n\t\t\t\t\t<\/video>\n\t\t\t\t\t\t\t<\/div>\n\t\t\t\t\t<div class=\"overlay\">\n\t\t\t\t\t\t\t<p class=\"title\">\n\t\t\t\t\tKabisu Villa - Front View\t\t\t\t<\/p>\n\t\t\t\t\t\t\t<p class=\"caption\">\n\t\t\t\t\tKabisu Villa - Front View\t\t\t\t<\/p>\n\t\t\t\t\t\t\t<p class=\"description\">\n\t\t\t\t\tKabisu Villa - Front View\t\t\t\t<\/p>\n\t\t\t\t\t\t\t<p class=\"alt\">\n\t\t\t\t\tKabisu Villa - Front View\t\t\t\t<\/p>\n\t\t\t\t\t<\/div>\n\t\t\t\t<\/div>\n\t\t\t\t<a class=\"gallery-item\" href=\"https:\/\/kabisu.id\/wp-content\/uploads\/2025\/02\/Kabisu-Lounge-Restaurant-11.jpg\" data-elementor-open-lightbox=\"yes\" data-elementor-lightbox-slideshow=\"all-4f1f252b\" rel=\"noopener\">\n\t\t\t<div class=\"type-image\">\n\t\t\t\t<div class=\"poster\">\n\t\t\t\t\t\t\t\t\t\t<img decoding=\"async\" src=\"https:\/\/staging.kabisu.id\/wp-content\/uploads\/2025\/02\/Kabisu-Lounge-Restaurant-11.jpg\" alt=\"Kabisu - Lounge &amp; Restaurant - 11\">\n\t\t\t\t<\/div>\n\t\t\t<\/div>\n\t\t\t\t\t<div class=\"overlay\">\n\t\t\t\t\t\t\t<p class=\"title\">\n\t\t\t\t\tKabisu - Lounge &amp; Restaurant - 11\t\t\t\t<\/p>\n\t\t\t\t\t\t\t<p class=\"caption\">\n\t\t\t\t\tKabisu - Lounge &amp; Restaurant - 11\t\t\t\t<\/p>\n\t\t\t\t\t\t\t<p class=\"description\">\n\t\t\t\t\tKabisu - Lounge &amp; Restaurant - 11\t\t\t\t<\/p>\n\t\t\t\t\t\t\t<p class=\"alt\">\n\t\t\t\t\tKabisu - Lounge &amp; Restaurant - 11\t\t\t\t<\/p>\n\t\t\t\t\t<\/div>\n\t\t\t\t<\/a>\n\t\t<\/div><\/div><\/div>\t\t\t\t<\/div>\n\t\t\t\t<\/div>\n\t\t\t\t<\/div>\n\t\t<div class=\"elementor-element elementor-element-31f7afd3 e-con-full e-flex e-con e-parent\" data-id=\"31f7afd3\" data-element_type=\"container\" data-e-type=\"container\" data-settings=\"{&quot;background_background&quot;:&quot;classic&quot;}\">\n\t\t\t\t<div class=\"elementor-element elementor-element-5a4ddf60 raven-cta--skin-cover elementor-widget__width-inherit e-transform elementor-animated-content raven-bg-transform raven-bg-transform-zoom-in elementor-widget elementor-widget-raven-call-to-action\" data-id=\"5a4ddf60\" data-element_type=\"widget\" data-e-type=\"widget\" data-settings=\"{&quot;_transform_scaleX_effect&quot;:{&quot;unit&quot;:&quot;px&quot;,&quot;size&quot;:&quot;&quot;,&quot;sizes&quot;:[]},&quot;_transform_scaleX_effect_tablet&quot;:{&quot;unit&quot;:&quot;px&quot;,&quot;size&quot;:&quot;&quot;,&quot;sizes&quot;:[]},&quot;_transform_scaleX_effect_mobile&quot;:{&quot;unit&quot;:&quot;px&quot;,&quot;size&quot;:&quot;&quot;,&quot;sizes&quot;:[]},&quot;_transform_scaleY_effect&quot;:{&quot;unit&quot;:&quot;px&quot;,&quot;size&quot;:&quot;&quot;,&quot;sizes&quot;:[]},&quot;_transform_scaleY_effect_tablet&quot;:{&quot;unit&quot;:&quot;px&quot;,&quot;size&quot;:&quot;&quot;,&quot;sizes&quot;:[]},&quot;_transform_scaleY_effect_mobile&quot;:{&quot;unit&quot;:&quot;px&quot;,&quot;size&quot;:&quot;&quot;,&quot;sizes&quot;:[]}}\" data-widget_type=\"raven-call-to-action.default\">\n\t\t\t\t<div class=\"elementor-widget-container\">\n\t\t\t\t\t<a class=\"raven-cta\" href=\"https:\/\/staging.kabisu.id\/contact\/\">\n\t\t\t\t\t<div class=\"raven-cta__bg-wrapper\">\n\t\t\t\t<div class=\"raven-cta__bg raven-bg\" style=\"background-image: url(https:\/\/staging.kabisu.id\/wp-content\/uploads\/2025\/02\/01.jpg);\"><\/div>\n\t\t\t\t<div class=\"raven-cta__bg-overlay\"><\/div>\n\t\t\t<\/div>\n\t\t\t\t\t\t\t\t\t\t<div class=\"raven-cta__content\">\n\t\t\t\t\n\t\t\t\t<h2 class=\"raven-cta__title raven-cta__content-item elementor-content-item elementor-animated-item--grow\">Devenez propri\u00e9taire d&#039;un bien locatif au paradis<\/h2>\n\t\t\t\t\n\t\t\t\t\t\t\t\t\t<div class=\"raven-cta__button-wrapper raven-cta__content-item elementor-content-item elementor-animated-item--grow\">\n\t\t\t\t\t<span class=\"raven-cta__button elementor-button \">\n\t\t\t\t\t\tPrenez contact avec nous\t\t\t\t\t<\/span>\n\t\t\t\t\t<\/div>\n\t\t\t\t\n\t\t\t\t\t\t\t<\/div>\n\t\t\t\t<\/a>\n\t\t\t\t\t\t<\/div>\n\t\t\t\t<\/div>\n\t\t\t\t<\/div>\n\t\t\t\t<\/div>\n\t\t","protected":false},"excerpt":{"rendered":"<p>Les installations L\u00e0 o\u00f9 le bien-\u00eatre, la communaut\u00e9 et la vie sur l&rsquo;\u00eele coulent de source \u00c0 Kabisu, nous avons con\u00e7u chaque espace dans un seul but : vous aider \u00e0 ralentir et \u00e0 vous sentir connect\u00e9 &#8211; \u00e0 vous-m\u00eame, aux autres et aux rythmes de la terre. Qu&rsquo;il s&rsquo;agisse de sport dans notre gym [&hellip;]<\/p>\n","protected":false},"author":2000003,"featured_media":1200,"parent":0,"menu_order":0,"comment_status":"closed","ping_status":"closed","template":"elementor_header_footer","meta":{"_acf_changed":false,"footnotes":""},"class_list":["post-4002079","page","type-page","status-publish","has-post-thumbnail","hentry"],"acf":[],"_links":{"self":[{"href":"https:\/\/staging.kabisu.id\/fr\/wp-json\/wp\/v2\/pages\/4002079","targetHints":{"allow":["GET"]}}],"collection":[{"href":"https:\/\/staging.kabisu.id\/fr\/wp-json\/wp\/v2\/pages"}],"about":[{"href":"https:\/\/staging.kabisu.id\/fr\/wp-json\/wp\/v2\/types\/page"}],"author":[{"embeddable":true,"href":"https:\/\/staging.kabisu.id\/fr\/wp-json\/wp\/v2\/users\/2000003"}],"replies":[{"embeddable":true,"href":"https:\/\/staging.kabisu.id\/fr\/wp-json\/wp\/v2\/comments?post=4002079"}],"version-history":[{"count":1,"href":"https:\/\/staging.kabisu.id\/fr\/wp-json\/wp\/v2\/pages\/4002079\/revisions"}],"predecessor-version":[{"id":4002080,"href":"https:\/\/staging.kabisu.id\/fr\/wp-json\/wp\/v2\/pages\/4002079\/revisions\/4002080"}],"wp:featuredmedia":[{"embeddable":true,"href":"https:\/\/staging.kabisu.id\/fr\/wp-json\/wp\/v2\/media\/1200"}],"wp:attachment":[{"href":"https:\/\/staging.kabisu.id\/fr\/wp-json\/wp\/v2\/media?parent=4002079"}],"curies":[{"name":"wp","href":"https:\/\/api.w.org\/{rel}","templated":true}]}}