{"id":4002426,"date":"2025-08-11T10:47:14","date_gmt":"2025-08-11T10:47:14","guid":{"rendered":"https:\/\/staging.kabisu.id\/notre-terrain\/"},"modified":"2025-10-01T15:49:58","modified_gmt":"2025-10-01T15:49:58","slug":"notre-terrain","status":"publish","type":"page","link":"https:\/\/staging.kabisu.id\/fr\/a-propos\/notre-terrain\/","title":{"rendered":"Kabisu &#8211; Notre Terrain"},"content":{"rendered":"\t\t<div data-elementor-type=\"wp-page\" data-elementor-id=\"4002426\" class=\"elementor elementor-4002426 elementor-4002332\">\n\t\t\t\t<div class=\"elementor-element elementor-element-193e5d6e e-con-full e-flex e-con e-parent\" data-id=\"193e5d6e\" data-element_type=\"container\" data-e-type=\"container\" data-settings=\"{&quot;background_background&quot;:&quot;classic&quot;}\">\n\t\t<div class=\"elementor-element elementor-element-287c19d0 e-con-full e-flex e-con e-child\" data-id=\"287c19d0\" data-element_type=\"container\" data-e-type=\"container\">\n\t\t\t\t<div class=\"elementor-element elementor-element-1915c463 elementor-widget-divider--view-line elementor-widget elementor-widget-divider\" data-id=\"1915c463\" data-element_type=\"widget\" data-e-type=\"widget\" data-widget_type=\"divider.default\">\n\t\t\t\t<div class=\"elementor-widget-container\">\n\t\t\t\t\t\t\t<div class=\"elementor-divider\">\n\t\t\t<span class=\"elementor-divider-separator\">\n\t\t\t\t\t\t<\/span>\n\t\t<\/div>\n\t\t\t\t\t\t<\/div>\n\t\t\t\t<\/div>\n\t\t\t\t<div class=\"elementor-element elementor-element-fc55aae elementor-widget elementor-widget-heading\" data-id=\"fc55aae\" data-element_type=\"widget\" data-e-type=\"widget\" data-widget_type=\"heading.default\">\n\t\t\t\t<div class=\"elementor-widget-container\">\n\t\t\t\t\t<h1 class=\"elementor-heading-title elementor-size-default\">Notre Terrain<\/h1>\t\t\t\t<\/div>\n\t\t\t\t<\/div>\n\t\t\t\t<div class=\"elementor-element elementor-element-43a27e3e elementor-widget-divider--view-line elementor-widget elementor-widget-divider\" data-id=\"43a27e3e\" data-element_type=\"widget\" data-e-type=\"widget\" data-widget_type=\"divider.default\">\n\t\t\t\t<div class=\"elementor-widget-container\">\n\t\t\t\t\t\t\t<div class=\"elementor-divider\">\n\t\t\t<span class=\"elementor-divider-separator\">\n\t\t\t\t\t\t<\/span>\n\t\t<\/div>\n\t\t\t\t\t\t<\/div>\n\t\t\t\t<\/div>\n\t\t\t\t<\/div>\n\t\t\t\t<\/div>\n\t\t<div class=\"elementor-element elementor-element-7c4865a9 e-con-full e-flex e-con e-parent\" data-id=\"7c4865a9\" data-element_type=\"container\" data-e-type=\"container\" data-settings=\"{&quot;background_background&quot;:&quot;classic&quot;}\">\n\t\t<div class=\"elementor-element elementor-element-550ca125 e-con-full e-flex e-con e-child\" data-id=\"550ca125\" data-element_type=\"container\" data-e-type=\"container\">\n\t\t\t\t<div class=\"elementor-element elementor-element-63e7a4b4 elementor-widget elementor-widget-heading\" data-id=\"63e7a4b4\" data-element_type=\"widget\" data-e-type=\"widget\" data-widget_type=\"heading.default\">\n\t\t\t\t<div class=\"elementor-widget-container\">\n\t\t\t\t\t<h2 class=\"elementor-heading-title elementor-size-default\">Un sanctuaire au sommet d'une falaise \u00e0 Sumba<\/h2>\t\t\t\t<\/div>\n\t\t\t\t<\/div>\n\t\t\t\t<div class=\"elementor-element elementor-element-2a8cfe84 elementor-widget-divider--view-line elementor-widget elementor-widget-divider\" data-id=\"2a8cfe84\" data-element_type=\"widget\" data-e-type=\"widget\" data-widget_type=\"divider.default\">\n\t\t\t\t<div class=\"elementor-widget-container\">\n\t\t\t\t\t\t\t<div class=\"elementor-divider\">\n\t\t\t<span class=\"elementor-divider-separator\">\n\t\t\t\t\t\t<\/span>\n\t\t<\/div>\n\t\t\t\t\t\t<\/div>\n\t\t\t\t<\/div>\n\t\t\t\t<div class=\"elementor-element elementor-element-3b925929 elementor-widget__width-initial elementor-widget elementor-widget-text-editor\" data-id=\"3b925929\" data-element_type=\"widget\" data-e-type=\"widget\" data-widget_type=\"text-editor.default\">\n\t\t\t\t<div class=\"elementor-widget-container\">\n\t\t\t\t\t\t\t\t\t<h2 style=\"text-align: left;\" data-start=\"680\" data-end=\"724\">Au c\u0153ur du sud-ouest de Sumba<\/h2><p style=\"text-align: left;\" data-start=\"214\" data-end=\"683\">Notre propri\u00e9t\u00e9 de 3 hectares est situ\u00e9e sur une falaise spectaculaire dans le sud de Sumba, surplombant le bleu infini de l&rsquo;oc\u00e9an Indien. Du lever au coucher du soleil, la vue est \u00e0 couper le souffle : les vagues sauvages rencontrent les falaises, le ciel passe du pastel du matin \u00e0 l&rsquo;or du soir. Ce cadre unique est le c\u0153ur de notre futur h\u00f4tel, o\u00f9 un design r\u00e9fl\u00e9chi se fondra harmonieusement dans la nature pour offrir \u00e0 nos h\u00f4tes une exp\u00e9rience inoubliable \u00e0 Sumba.  <\/p><p style=\"text-align: left;\" data-start=\"685\" data-end=\"1101\">Plus qu&rsquo;un simple emplacement, ce terrain est une promesse. Son espace et sa beaut\u00e9 naturelle nous donnent la possibilit\u00e9 de cr\u00e9er un projet \u00e0 petite \u00e9chelle, durable et profond\u00e9ment li\u00e9 \u00e0 son environnement. Chaque choix &#8211; de l&#8217;emplacement d&rsquo;une villa \u00e0 la pr\u00e9servation de la v\u00e9g\u00e9tation &#8211; honorera les falaises, l&rsquo;oc\u00e9an et la communaut\u00e9 qui vit \u00e0 Sumba.  <\/p>\t\t\t\t\t\t\t\t<\/div>\n\t\t\t\t<\/div>\n\t\t\t\t<div class=\"elementor-element elementor-element-d09ca65 elementor-widget__width-initial elementor-widget elementor-widget-video\" data-id=\"d09ca65\" data-element_type=\"widget\" data-e-type=\"widget\" data-settings=\"{&quot;youtube_url&quot;:&quot;https:\\\/\\\/www.youtube.com\\\/watch?v=cDicJxYDUyU&quot;,&quot;video_type&quot;:&quot;youtube&quot;,&quot;controls&quot;:&quot;yes&quot;}\" data-widget_type=\"video.default\">\n\t\t\t\t<div class=\"elementor-widget-container\">\n\t\t\t\t\t\t\t<div class=\"elementor-wrapper elementor-open-inline\">\n\t\t\t<div class=\"elementor-video\"><\/div>\t\t<\/div>\n\t\t\t\t\t\t<\/div>\n\t\t\t\t<\/div>\n\t\t\t\t<div class=\"elementor-element elementor-element-5281d2df gallery-layout-masonry content-visibility-none video-preview-player sticky-filter-bar-false elementor-widget elementor-widget-raven-media-gallery\" data-id=\"5281d2df\" data-element_type=\"widget\" data-e-type=\"widget\" data-widget_type=\"raven-media-gallery.default\">\n\t\t\t\t<div class=\"elementor-widget-container\">\n\t\t\t\t\t<div class=\"raven-media-gallery-wrapper\"><div class=\"raven-media-gallery-tab-contents\"><div data-raven-content-index=\"0\" class=\"content active\">\t\t<a class=\"gallery-item\" href=\"https:\/\/kabisu.id\/wp-content\/uploads\/2025\/08\/kabisu-land-10.jpg\" data-elementor-open-lightbox=\"yes\" data-elementor-lightbox-slideshow=\"all-5281d2df\" rel=\"noopener\">\n\t\t\t<div class=\"type-image\">\n\t\t\t\t<div class=\"poster\">\n\t\t\t\t\t\t\t\t\t\t<img decoding=\"async\" src=\"https:\/\/staging.kabisu.id\/wp-content\/uploads\/2025\/08\/kabisu-land-10.jpg\" alt=\"Aerial shot of Kabisu cliffside land with hidden beaches in Sumba\">\n\t\t\t\t<\/div>\n\t\t\t<\/div>\n\t\t\t\t\t<div class=\"overlay\">\n\t\t\t\t\t\t\t<p class=\"title\">\n\t\t\t\t\tkabisu-land-10\t\t\t\t<\/p>\n\t\t\t\t\t\t\t<p class=\"caption\">\n\t\t\t\t\tAerial shot of Kabisu cliffside land with hidden beaches in Sumba\t\t\t\t<\/p>\n\t\t\t\t\t\t\t<p class=\"description\">\n\t\t\t\t\tAerial shot of Kabisu cliffside land with hidden beaches in Sumba\t\t\t\t<\/p>\n\t\t\t\t\t\t\t<p class=\"alt\">\n\t\t\t\t\tAerial shot of Kabisu cliffside land with hidden beaches in Sumba\t\t\t\t<\/p>\n\t\t\t\t\t<\/div>\n\t\t\t\t<\/a>\n\t\t\t\t<a class=\"gallery-item\" href=\"https:\/\/kabisu.id\/wp-content\/uploads\/2025\/08\/kabisu-land-3.jpg\" data-elementor-open-lightbox=\"yes\" data-elementor-lightbox-slideshow=\"all-5281d2df\" rel=\"noopener\">\n\t\t\t<div class=\"type-image\">\n\t\t\t\t<div class=\"poster\">\n\t\t\t\t\t\t\t\t\t\t<img decoding=\"async\" src=\"https:\/\/staging.kabisu.id\/wp-content\/uploads\/2025\/08\/kabisu-land-3.jpg\" alt=\"Aerial view of Kabisu\u2019s hidden beach and turquoise waters surrounded by lush cliffs in Southwest Sumba\">\n\t\t\t\t<\/div>\n\t\t\t<\/div>\n\t\t\t\t\t<div class=\"overlay\">\n\t\t\t\t\t\t\t<p class=\"title\">\n\t\t\t\t\tkabisu-land-3\t\t\t\t<\/p>\n\t\t\t\t\t\t\t<p class=\"caption\">\n\t\t\t\t\tAerial view of Kabisu\u2019s hidden beach and turquoise waters surrounded by lush cliffs in Southwest Sumba\t\t\t\t<\/p>\n\t\t\t\t\t\t\t<p class=\"description\">\n\t\t\t\t\tAerial view of Kabisu\u2019s hidden beach and turquoise waters surrounded by lush cliffs in Southwest Sumba\t\t\t\t<\/p>\n\t\t\t\t\t\t\t<p class=\"alt\">\n\t\t\t\t\tAerial view of Kabisu\u2019s hidden beach and turquoise waters surrounded by lush cliffs in Southwest Sumba\t\t\t\t<\/p>\n\t\t\t\t\t<\/div>\n\t\t\t\t<\/a>\n\t\t\t\t<a class=\"gallery-item\" href=\"https:\/\/kabisu.id\/wp-content\/uploads\/2025\/08\/kabisu-land-5.jpg\" data-elementor-open-lightbox=\"yes\" data-elementor-lightbox-slideshow=\"all-5281d2df\" rel=\"noopener\">\n\t\t\t<div class=\"type-image\">\n\t\t\t\t<div class=\"poster\">\n\t\t\t\t\t\t\t\t\t\t<img decoding=\"async\" src=\"https:\/\/staging.kabisu.id\/wp-content\/uploads\/2025\/08\/kabisu-land-5.jpg\" alt=\"Expansive view of Sumba\u2019s rugged coastline and the future Kabisu villa location\">\n\t\t\t\t<\/div>\n\t\t\t<\/div>\n\t\t\t\t\t<div class=\"overlay\">\n\t\t\t\t\t\t\t<p class=\"title\">\n\t\t\t\t\tkabisu-land-5\t\t\t\t<\/p>\n\t\t\t\t\t\t\t<p class=\"caption\">\n\t\t\t\t\t\t\t\t\t<\/p>\n\t\t\t\t\t\t\t<p class=\"description\">\n\t\t\t\t\tExpansive view of Sumba\u2019s rugged coastline and the future Kabisu villa location\t\t\t\t<\/p>\n\t\t\t\t\t\t\t<p class=\"alt\">\n\t\t\t\t\tExpansive view of Sumba\u2019s rugged coastline and the future Kabisu villa location\t\t\t\t<\/p>\n\t\t\t\t\t<\/div>\n\t\t\t\t<\/a>\n\t\t\t\t<a class=\"gallery-item\" href=\"https:\/\/kabisu.id\/wp-content\/uploads\/2025\/08\/kabisu-land-12.jpg\" data-elementor-open-lightbox=\"yes\" data-elementor-lightbox-slideshow=\"all-5281d2df\" rel=\"noopener\">\n\t\t\t<div class=\"type-image\">\n\t\t\t\t<div class=\"poster\">\n\t\t\t\t\t\t\t\t\t\t<img decoding=\"async\" src=\"https:\/\/staging.kabisu.id\/wp-content\/uploads\/2025\/08\/kabisu-land-12.jpg\" alt=\"Dramatic coastline of Kabisu land with turquoise waves, hidden coves, and untouched beaches\">\n\t\t\t\t<\/div>\n\t\t\t<\/div>\n\t\t\t\t\t<div class=\"overlay\">\n\t\t\t\t\t\t\t<p class=\"title\">\n\t\t\t\t\tkabisu-land-12\t\t\t\t<\/p>\n\t\t\t\t\t\t\t<p class=\"caption\">\n\t\t\t\t\tDramatic coastline of Kabisu land with turquoise waves, hidden coves, and untouched beaches\t\t\t\t<\/p>\n\t\t\t\t\t\t\t<p class=\"description\">\n\t\t\t\t\tDramatic coastline of Kabisu land with turquoise waves, hidden coves, and untouched beaches\t\t\t\t<\/p>\n\t\t\t\t\t\t\t<p class=\"alt\">\n\t\t\t\t\tDramatic coastline of Kabisu land with turquoise waves, hidden coves, and untouched beaches\t\t\t\t<\/p>\n\t\t\t\t\t<\/div>\n\t\t\t\t<\/a>\n\t\t<\/div><\/div><\/div>\t\t\t\t<\/div>\n\t\t\t\t<\/div>\n\t\t\t\t<div class=\"elementor-element elementor-element-b0c3774 elementor-widget__width-initial elementor-widget elementor-widget-text-editor\" data-id=\"b0c3774\" data-element_type=\"widget\" data-e-type=\"widget\" data-widget_type=\"text-editor.default\">\n\t\t\t\t<div class=\"elementor-widget-container\">\n\t\t\t\t\t\t\t\t\t<h2 style=\"text-align: left;\" data-start=\"680\" data-end=\"724\">Facile \u00e0 atteindre, parfaitement positionn\u00e9<\/h2><p style=\"text-align: left;\" data-start=\"726\" data-end=\"1080\">Malgr\u00e9 son caract\u00e8re isol\u00e9, notre terre est \u00e9tonnamment facile d&rsquo;acc\u00e8s : il suffit de 50 minutes de vol de Bali \u00e0 Tambolaka, avec plusieurs vols par jour. Depuis l&rsquo;a\u00e9roport, un trajet de 90 minutes \u00e0 l&rsquo;int\u00e9rieur des terres vous conduira \u00e0 travers les collines ondulantes et la campagne pittoresque de Sumba avant d&rsquo;arriver \u00e0 notre propri\u00e9t\u00e9 situ\u00e9e au sommet d&rsquo;une falaise. La r\u00e9gion est entour\u00e9e de quelques-uns des tr\u00e9sors les mieux gard\u00e9s de l&rsquo;\u00eele &#8211; des plages vierges et immacul\u00e9es aux surf breaks de classe mondiale, en passant par les sites culturels cach\u00e9s. Vous appr\u00e9cierez \u00e0 la fois la tranquillit\u00e9 et la commodit\u00e9 d&rsquo;<span style=\"text-decoration: underline;\">\n  <span style=\"color: #005257; text-decoration: underline;\">\n    <a style=\"color: #005257; text-decoration: underline;\" href=\"https:\/\/kabisu.id\/fr\/decouvrez-sumba\/\" rel=\"noopener\">explorer les merveilles naturelles de Sumba.<\/a>\n  <\/span>\n<\/span>Tout cela \u00e0 proximit\u00e9 de l&rsquo;h\u00f4tel.   <\/p>\t\t\t\t\t\t\t\t<\/div>\n\t\t\t\t<\/div>\n\t\t\t\t<div class=\"elementor-element elementor-element-da2ff51 gallery-layout-masonry content-visibility-none video-preview-player sticky-filter-bar-false elementor-widget elementor-widget-raven-media-gallery\" data-id=\"da2ff51\" data-element_type=\"widget\" data-e-type=\"widget\" data-widget_type=\"raven-media-gallery.default\">\n\t\t\t\t<div class=\"elementor-widget-container\">\n\t\t\t\t\t<div class=\"raven-media-gallery-wrapper\"><div class=\"raven-media-gallery-tab-contents\"><div data-raven-content-index=\"0\" class=\"content active\">\t\t<a class=\"gallery-item\" href=\"https:\/\/kabisu.id\/wp-content\/uploads\/2025\/02\/Sumba-Map.png\" data-elementor-open-lightbox=\"yes\" data-elementor-lightbox-slideshow=\"all-da2ff51\" rel=\"noopener\">\n\t\t\t<div class=\"type-image\">\n\t\t\t\t<div class=\"poster\">\n\t\t\t\t\t\t\t\t\t\t<img decoding=\"async\" src=\"https:\/\/staging.kabisu.id\/wp-content\/uploads\/2025\/02\/Sumba-Map.png\" alt=\"Map of Sumba\">\n\t\t\t\t<\/div>\n\t\t\t<\/div>\n\t\t\t\t\t<div class=\"overlay\">\n\t\t\t\t\t\t\t<p class=\"title\">\n\t\t\t\t\tMap of Sumba\t\t\t\t<\/p>\n\t\t\t\t\t\t\t<p class=\"caption\">\n\t\t\t\t\tMap of Sumba\t\t\t\t<\/p>\n\t\t\t\t\t\t\t<p class=\"description\">\n\t\t\t\t\tMap of Sumba\t\t\t\t<\/p>\n\t\t\t\t\t\t\t<p class=\"alt\">\n\t\t\t\t\tMap of Sumba\t\t\t\t<\/p>\n\t\t\t\t\t<\/div>\n\t\t\t\t<\/a>\n\t\t\t\t<a class=\"gallery-item\" href=\"https:\/\/kabisu.id\/wp-content\/uploads\/2025\/03\/Kabisu-Resort-Location.png\" data-elementor-open-lightbox=\"yes\" data-elementor-lightbox-slideshow=\"all-da2ff51\" rel=\"noopener\">\n\t\t\t<div class=\"type-image\">\n\t\t\t\t<div class=\"poster\">\n\t\t\t\t\t\t\t\t\t\t<img decoding=\"async\" src=\"https:\/\/staging.kabisu.id\/wp-content\/uploads\/2025\/03\/Kabisu-Resort-Location.png\" alt=\"A map of Kabisu Resort Location and Surrounding Activities\">\n\t\t\t\t<\/div>\n\t\t\t<\/div>\n\t\t\t\t\t<div class=\"overlay\">\n\t\t\t\t\t\t\t<p class=\"title\">\n\t\t\t\t\tKabisu Resort Location\t\t\t\t<\/p>\n\t\t\t\t\t\t\t<p class=\"caption\">\n\t\t\t\t\tKabisu Resort Location\t\t\t\t<\/p>\n\t\t\t\t\t\t\t<p class=\"description\">\n\t\t\t\t\tKabisu Resort Location\t\t\t\t<\/p>\n\t\t\t\t\t\t\t<p class=\"alt\">\n\t\t\t\t\tA map of Kabisu Resort Location and Surrounding Activities\t\t\t\t<\/p>\n\t\t\t\t\t<\/div>\n\t\t\t\t<\/a>\n\t\t<\/div><\/div><\/div>\t\t\t\t<\/div>\n\t\t\t\t<\/div>\n\t\t\t\t<div class=\"jupiter-tooltip-widget elementor-element elementor-element-92b0e3b elementor-widget elementor-widget-google_maps\" data-jupiter-tooltip-settings=\"{&quot;tooltip&quot;:&quot;&quot;,&quot;tooltipDescription&quot;:&quot;&lt;p&gt;This is Tooltip!&lt;\\\/p&gt;&quot;,&quot;tooltipPlacement&quot;:&quot;left-start&quot;,&quot;tooltipArrow&quot;:true,&quot;xOffset&quot;:0,&quot;yOffset&quot;:0,&quot;tooltipAnimation&quot;:&quot;fade&quot;,&quot;tooltipTrigger&quot;:&quot;mouseenter&quot;,&quot;zIndex&quot;:999,&quot;customSelector&quot;:&quot;&quot;,&quot;delay&quot;:0}\" data-id=\"92b0e3b\" data-element_type=\"widget\" data-e-type=\"widget\" data-widget_type=\"google_maps.default\">\n\t\t\t\t<div class=\"elementor-widget-container\">\n\t\t\t\t\t\t\t<div class=\"elementor-custom-embed\">\n\t\t\t<iframe loading=\"lazy\"\n\t\t\t\t\tsrc=\"https:\/\/maps.google.com\/maps?q=kabisu%20sumba&#038;t=m&#038;z=10&#038;output=embed&#038;iwloc=near\"\n\t\t\t\t\ttitle=\"kabisu sumba\"\n\t\t\t\t\taria-label=\"kabisu sumba\"\n\t\t\t><\/iframe>\n\t\t<\/div>\n\t\t\t\t\t\t<\/div>\n\t\t\t\t<\/div>\n\t\t\t\t<\/div>\n\t\t<div class=\"elementor-element elementor-element-4b340f6a e-con-full e-flex e-con e-child\" data-id=\"4b340f6a\" data-element_type=\"container\" data-e-type=\"container\">\n\t\t\t\t<div class=\"elementor-element elementor-element-2a02e6e0 elementor-widget elementor-widget-image\" data-id=\"2a02e6e0\" data-element_type=\"widget\" data-e-type=\"widget\" data-widget_type=\"image.default\">\n\t\t\t\t<div class=\"elementor-widget-container\">\n\t\t\t\t\t\t\t\t\t\t\t\t\t\t\t<img decoding=\"async\" src=\"https:\/\/staging.kabisu.id\/wp-content\/uploads\/elementor\/thumbs\/cropped-kabisu_sumba-isotype-600px-rf62ro5zocw57xf3k6kznph4c5nnvhfloe4i8rcwq6.png\" title=\"Favicon de Kabisu\" alt=\"Favicon de Kabisu\" loading=\"lazy\" \/>\t\t\t\t\t\t\t\t\t\t\t\t\t\t\t<\/div>\n\t\t\t\t<\/div>\n\t\t\t\t<\/div>\n\t\t\t\t<\/div>\n\t\t<div class=\"elementor-element elementor-element-14a66584 e-con-full e-flex e-con e-parent\" data-id=\"14a66584\" data-element_type=\"container\" data-e-type=\"container\" data-settings=\"{&quot;background_background&quot;:&quot;classic&quot;}\">\n\t\t\t\t<div class=\"elementor-element elementor-element-6b4b22d1 raven-cta--skin-cover elementor-widget__width-inherit e-transform elementor-animated-content raven-bg-transform raven-bg-transform-zoom-in elementor-widget elementor-widget-raven-call-to-action\" data-id=\"6b4b22d1\" data-element_type=\"widget\" data-e-type=\"widget\" data-settings=\"{&quot;_transform_scaleX_effect&quot;:{&quot;unit&quot;:&quot;px&quot;,&quot;size&quot;:&quot;&quot;,&quot;sizes&quot;:[]},&quot;_transform_scaleX_effect_tablet&quot;:{&quot;unit&quot;:&quot;px&quot;,&quot;size&quot;:&quot;&quot;,&quot;sizes&quot;:[]},&quot;_transform_scaleX_effect_mobile&quot;:{&quot;unit&quot;:&quot;px&quot;,&quot;size&quot;:&quot;&quot;,&quot;sizes&quot;:[]},&quot;_transform_scaleY_effect&quot;:{&quot;unit&quot;:&quot;px&quot;,&quot;size&quot;:&quot;&quot;,&quot;sizes&quot;:[]},&quot;_transform_scaleY_effect_tablet&quot;:{&quot;unit&quot;:&quot;px&quot;,&quot;size&quot;:&quot;&quot;,&quot;sizes&quot;:[]},&quot;_transform_scaleY_effect_mobile&quot;:{&quot;unit&quot;:&quot;px&quot;,&quot;size&quot;:&quot;&quot;,&quot;sizes&quot;:[]}}\" data-widget_type=\"raven-call-to-action.default\">\n\t\t\t\t<div class=\"elementor-widget-container\">\n\t\t\t\t\t<a class=\"raven-cta\" href=\"https:\/\/staging.kabisu.id\/contact\/\">\n\t\t\t\t\t<div class=\"raven-cta__bg-wrapper\">\n\t\t\t\t<div class=\"raven-cta__bg raven-bg\" style=\"background-image: url(https:\/\/staging.kabisu.id\/wp-content\/uploads\/2025\/02\/01.jpg);\"><\/div>\n\t\t\t\t<div class=\"raven-cta__bg-overlay\"><\/div>\n\t\t\t<\/div>\n\t\t\t\t\t\t\t\t\t\t<div class=\"raven-cta__content\">\n\t\t\t\t\n\t\t\t\t<h2 class=\"raven-cta__title raven-cta__content-item elementor-content-item elementor-animated-item--grow\">Devenez propri\u00e9taire d&#039;un bien locatif au paradis<\/h2>\n\t\t\t\t\n\t\t\t\t\t\t\t\t\t<div class=\"raven-cta__button-wrapper raven-cta__content-item elementor-content-item elementor-animated-item--grow\">\n\t\t\t\t\t<span class=\"raven-cta__button elementor-button \">\n\t\t\t\t\t\tPrenez contact avec nous\t\t\t\t\t<\/span>\n\t\t\t\t\t<\/div>\n\t\t\t\t\n\t\t\t\t\t\t\t<\/div>\n\t\t\t\t<\/a>\n\t\t\t\t\t\t<\/div>\n\t\t\t\t<\/div>\n\t\t\t\t<\/div>\n\t\t\t\t<\/div>\n\t\t","protected":false},"excerpt":{"rendered":"<p>Notre Terrain Un sanctuaire au sommet d&rsquo;une falaise \u00e0 Sumba Au c\u0153ur du sud-ouest de Sumba Notre propri\u00e9t\u00e9 de 3 hectares est situ\u00e9e sur une falaise spectaculaire dans le sud de Sumba, surplombant le bleu infini de l&rsquo;oc\u00e9an Indien. Du lever au coucher du soleil, la vue est \u00e0 couper le souffle : les vagues [&hellip;]<\/p>\n","protected":false},"author":2,"featured_media":1359,"parent":4002428,"menu_order":0,"comment_status":"closed","ping_status":"closed","template":"elementor_header_footer","meta":{"_acf_changed":false,"footnotes":""},"class_list":["post-4002426","page","type-page","status-publish","has-post-thumbnail","hentry"],"acf":[],"_links":{"self":[{"href":"https:\/\/staging.kabisu.id\/fr\/wp-json\/wp\/v2\/pages\/4002426","targetHints":{"allow":["GET"]}}],"collection":[{"href":"https:\/\/staging.kabisu.id\/fr\/wp-json\/wp\/v2\/pages"}],"about":[{"href":"https:\/\/staging.kabisu.id\/fr\/wp-json\/wp\/v2\/types\/page"}],"author":[{"embeddable":true,"href":"https:\/\/staging.kabisu.id\/fr\/wp-json\/wp\/v2\/users\/2"}],"replies":[{"embeddable":true,"href":"https:\/\/staging.kabisu.id\/fr\/wp-json\/wp\/v2\/comments?post=4002426"}],"version-history":[{"count":6,"href":"https:\/\/staging.kabisu.id\/fr\/wp-json\/wp\/v2\/pages\/4002426\/revisions"}],"predecessor-version":[{"id":5002940,"href":"https:\/\/staging.kabisu.id\/fr\/wp-json\/wp\/v2\/pages\/4002426\/revisions\/5002940"}],"up":[{"embeddable":true,"href":"https:\/\/staging.kabisu.id\/fr\/wp-json\/wp\/v2\/pages\/4002428"}],"wp:featuredmedia":[{"embeddable":true,"href":"https:\/\/staging.kabisu.id\/fr\/wp-json\/wp\/v2\/media\/1359"}],"wp:attachment":[{"href":"https:\/\/staging.kabisu.id\/fr\/wp-json\/wp\/v2\/media?parent=4002426"}],"curies":[{"name":"wp","href":"https:\/\/api.w.org\/{rel}","templated":true}]}}