{"id":4002458,"date":"2025-08-11T13:50:41","date_gmt":"2025-08-11T13:50:41","guid":{"rendered":"https:\/\/staging.kabisu.id\/a-propos\/ecologie\/"},"modified":"2025-08-11T15:39:21","modified_gmt":"2025-08-11T15:39:21","slug":"ecologie","status":"publish","type":"page","link":"https:\/\/staging.kabisu.id\/fr\/a-propos\/ecologie\/","title":{"rendered":"Kabisu &#8211; \u00c9cologie"},"content":{"rendered":"\t\t<div data-elementor-type=\"wp-page\" data-elementor-id=\"4002458\" class=\"elementor elementor-4002458 elementor-4002437\">\n\t\t\t\t<div class=\"elementor-element elementor-element-67acf1c7 e-con-full e-flex e-con e-parent\" data-id=\"67acf1c7\" data-element_type=\"container\" data-e-type=\"container\" data-settings=\"{&quot;background_background&quot;:&quot;classic&quot;}\">\n\t\t<div class=\"elementor-element elementor-element-13c61461 e-con-full e-flex e-con e-child\" data-id=\"13c61461\" data-element_type=\"container\" data-e-type=\"container\">\n\t\t\t\t<div class=\"elementor-element elementor-element-ba7f287 elementor-widget-divider--view-line elementor-widget elementor-widget-divider\" data-id=\"ba7f287\" data-element_type=\"widget\" data-e-type=\"widget\" data-widget_type=\"divider.default\">\n\t\t\t\t<div class=\"elementor-widget-container\">\n\t\t\t\t\t\t\t<div class=\"elementor-divider\">\n\t\t\t<span class=\"elementor-divider-separator\">\n\t\t\t\t\t\t<\/span>\n\t\t<\/div>\n\t\t\t\t\t\t<\/div>\n\t\t\t\t<\/div>\n\t\t\t\t<div class=\"elementor-element elementor-element-2ff3e258 elementor-widget elementor-widget-heading\" data-id=\"2ff3e258\" data-element_type=\"widget\" data-e-type=\"widget\" data-widget_type=\"heading.default\">\n\t\t\t\t<div class=\"elementor-widget-container\">\n\t\t\t\t\t<h1 class=\"elementor-heading-title elementor-size-default\">\u00c9cologie \u00e0 Kabisu<\/h1>\t\t\t\t<\/div>\n\t\t\t\t<\/div>\n\t\t\t\t<div class=\"elementor-element elementor-element-38caff63 elementor-widget-divider--view-line elementor-widget elementor-widget-divider\" data-id=\"38caff63\" data-element_type=\"widget\" data-e-type=\"widget\" data-widget_type=\"divider.default\">\n\t\t\t\t<div class=\"elementor-widget-container\">\n\t\t\t\t\t\t\t<div class=\"elementor-divider\">\n\t\t\t<span class=\"elementor-divider-separator\">\n\t\t\t\t\t\t<\/span>\n\t\t<\/div>\n\t\t\t\t\t\t<\/div>\n\t\t\t\t<\/div>\n\t\t\t\t<\/div>\n\t\t\t\t<\/div>\n\t\t<div class=\"elementor-element elementor-element-6a1fed5a e-con-full e-flex e-con e-parent\" data-id=\"6a1fed5a\" data-element_type=\"container\" data-e-type=\"container\" data-settings=\"{&quot;background_background&quot;:&quot;classic&quot;}\">\n\t\t<div class=\"elementor-element elementor-element-64e0baed e-con-full e-flex e-con e-child\" data-id=\"64e0baed\" data-element_type=\"container\" data-e-type=\"container\">\n\t\t\t\t<div class=\"elementor-element elementor-element-4ea96206 elementor-widget elementor-widget-heading\" data-id=\"4ea96206\" data-element_type=\"widget\" data-e-type=\"widget\" data-widget_type=\"heading.default\">\n\t\t\t\t<div class=\"elementor-widget-container\">\n\t\t\t\t\t<h2 class=\"elementor-heading-title elementor-size-default\">Construire un h\u00f4tel en harmonie avec Sumba<\/h2>\t\t\t\t<\/div>\n\t\t\t\t<\/div>\n\t\t\t\t<div class=\"elementor-element elementor-element-16c209e5 elementor-widget-divider--view-line elementor-widget elementor-widget-divider\" data-id=\"16c209e5\" data-element_type=\"widget\" data-e-type=\"widget\" data-widget_type=\"divider.default\">\n\t\t\t\t<div class=\"elementor-widget-container\">\n\t\t\t\t\t\t\t<div class=\"elementor-divider\">\n\t\t\t<span class=\"elementor-divider-separator\">\n\t\t\t\t\t\t<\/span>\n\t\t<\/div>\n\t\t\t\t\t\t<\/div>\n\t\t\t\t<\/div>\n\t\t\t\t<div class=\"elementor-element elementor-element-5f872ae3 elementor-widget__width-initial elementor-widget elementor-widget-text-editor\" data-id=\"5f872ae3\" data-element_type=\"widget\" data-e-type=\"widget\" data-widget_type=\"text-editor.default\">\n\t\t\t\t<div class=\"elementor-widget-container\">\n\t\t\t\t\t\t\t\t\t<p style=\"text-align: left;\" data-start=\"253\" data-end=\"519\">Chez Kabisu, le d\u00e9veloppement durable n&rsquo;est pas une r\u00e9flexion apr\u00e8s coup &#8211; c&rsquo;est le fondement de tout ce que nous faisons. <span style=\"text-decoration: underline; color: #005257;\"><a style=\"color: #005257; text-decoration: underline;\" href=\"https:\/\/kabisu.id\/fr\/a-propos\/\" rel=\"noopener\">Notre vision<\/a><\/span> est de cr\u00e9er un resort durable \u00e0 Sumba o\u00f9 le confort, la culture et la conservation se rencontrent. De la premi\u00e8re esquisse \u00e0 la fa\u00e7on dont nous accueillons nos h\u00f4tes, chaque choix est fait en tenant compte des habitants et de la nature de l&rsquo;\u00eele. <\/p><h2 data-start=\"517\" data-end=\"546\"> <\/h2><h2 style=\"text-align: left;\" data-start=\"517\" data-end=\"546\">Construire avec respect<\/h2><p style=\"text-align: left;\" data-start=\"547\" data-end=\"1007\">Notre futur centre de vill\u00e9giature comprendra <span style=\"text-decoration: underline; color: #005257;\"><a style=\"color: #005257; text-decoration: underline;\" href=\"https:\/\/kabisu.id\/fr\/les-villas\/\" rel=\"noopener\">10 villas<\/a><\/span> soigneusement plac\u00e9es pour se fondre dans le paysage plut\u00f4t que de le dominer.<br data-start=\"667\" data-end=\"670\">Nous travaillons avec des <strong data-start=\"683\" data-end=\"702\">artisans locaux<\/strong> pour la construction traditionnelle &#8211; de l&rsquo;\u00e9l\u00e9gante toiture en herbe alang-alang tress\u00e9e \u00e0 la main aux <strong data-start=\"801\" data-end=\"824\">sculptures complexes en bois de Sumba<\/strong> qui racontent les histoires de l&rsquo;\u00eele.<br data-start=\"856\" data-end=\"859\">En embauchant de la main-d&rsquo;\u0153uvre locale, nous contribuons \u00e0 pr\u00e9server les comp\u00e9tences transmises de g\u00e9n\u00e9ration en g\u00e9n\u00e9ration tout en veillant \u00e0 ce que les b\u00e9n\u00e9fices du d\u00e9veloppement restent dans la communaut\u00e9.<\/p><h2 data-start=\"1014\" data-end=\"1046\"> <\/h2><h2 style=\"text-align: left;\" data-start=\"1014\" data-end=\"1046\">Soutenir la communaut\u00e9<\/h2><p style=\"text-align: left;\" data-start=\"1047\" data-end=\"1423\">Notre \u00e9quipe &#8211; dirig\u00e9e sur le terrain par Mert &#8211; entretient des relations \u00e9troites avec les villages voisins.<br data-start=\"1136\" data-end=\"1139\">Nous nous engageons \u00e0 <strong data-start=\"1159\" data-end=\"1201\">former et \u00e0 employer des r\u00e9sidents locaux<\/strong> dans les domaines de l&rsquo;hospitalit\u00e9, du jardinage et de l&rsquo;entretien, cr\u00e9ant ainsi des opportunit\u00e9s qui dureront au-del\u00e0 de l&rsquo;ouverture du complexe.<br data-start=\"1307\" data-end=\"1310\">Chaque emploi que nous cr\u00e9ons est plus qu&rsquo;un ch\u00e8que; il s&rsquo;agit d&rsquo;un lien entre les clients et les personnes qui vivent \u00e0 Sumba.<\/p><h2 data-start=\"1430\" data-end=\"1463\"> <\/h2><h2 style=\"text-align: left;\" data-start=\"1430\" data-end=\"1463\">Prot\u00e9ger la terre et la mer<\/h2><p style=\"text-align: left;\" data-start=\"1464\" data-end=\"1556\">Notre engagement en faveur de l&rsquo;environnement est tout aussi fort que notre engagement en faveur de la culture.<br data-start=\"1545\" data-end=\"1548\">Nous nous engageons :<\/p><ul style=\"text-align: left;\" data-start=\"1557\" data-end=\"1829\"><li data-start=\"1557\" data-end=\"1609\"><p data-start=\"1559\" data-end=\"1609\">\u00c0 utiliser l&rsquo;<strong data-start=\"1563\" data-end=\"1578\">\u00e9nergie solaire<\/strong> pour nos besoins \u00e9nerg\u00e9tiques quotidiens.<\/p><\/li><li data-start=\"1610\" data-end=\"1671\"><p data-start=\"1612\" data-end=\"1671\"><strong data-start=\"1612\" data-end=\"1631\">\u00c0 r\u00e9utiliser les eaux grises<\/strong> pour irriguer les jardins et r\u00e9duire les d\u00e9chets.<\/p><\/li><li data-start=\"1672\" data-end=\"1829\"><p data-start=\"1674\" data-end=\"1829\">Nous cultivons nos propres herbes, l\u00e9gumes et fruits pour approvisionner le restaurant &#8211; sous la direction de membres de l&rsquo;\u00e9quipe exp\u00e9riment\u00e9s en mati\u00e8re d&rsquo;<strong data-start=\"1779\" data-end=\"1805\">hospitalit\u00e9 \u00e9cologique<\/strong> et de <strong data-start=\"1810\" data-end=\"1826\">permaculture<\/strong>.<\/p><\/li><\/ul><p style=\"text-align: left;\" data-start=\"1831\" data-end=\"1968\">En r\u00e9duisant notre empreinte, nous voulons nous assurer que les plages, les r\u00e9cifs et les for\u00eats restent aussi vivants pour les g\u00e9n\u00e9rations futures qu&rsquo;ils le sont aujourd&rsquo;hui.<\/p><h2 data-start=\"1975\" data-end=\"2005\"> <\/h2><h2 style=\"text-align: left;\" data-start=\"1975\" data-end=\"2005\">Un resort pour l\u00a0\u00bbavenir<\/h2><p style=\"text-align: left;\" data-start=\"2006\" data-end=\"2300\">Kabisu est plus qu&rsquo;une collection de villas &#8211; c&rsquo;est une promesse. La promesse que le d\u00e9veloppement peut se faire \u00e0 <strong data-start=\"2103\" data-end=\"2155\">petite \u00e9chelle, dans le respect de<\/strong> l&rsquo;environnement et de son cadre. Lorsque les h\u00f4tes s\u00e9journent ici, ils font partie d&rsquo;une histoire o\u00f9 <strong data-start=\"2231\" data-end=\"2261\">la beaut\u00e9 et la culture de Sumba<\/strong> sont non seulement pr\u00e9serv\u00e9es, mais c\u00e9l\u00e9br\u00e9es.  <\/p><p style=\"text-align: left;\" data-start=\"2006\" data-end=\"2300\">Nous pensons que la durabilit\u00e9 est plus efficace lorsqu&rsquo;elle est partag\u00e9e. Si vous souhaitez en savoir plus sur notre approche ou explorer les moyens de faire partie du voyage de Kabisu, <span style=\"text-decoration: underline; color: #005257;\"><a class=\"cursor-pointer\" style=\"color: #005257; text-decoration: underline;\" href=\"https:\/\/kabisu.id\/fr\/contact\/\" rel=\"noopener\" data-start=\"409\" data-end=\"442\">contactez-nous<\/a><\/span>. <\/p>\t\t\t\t\t\t\t\t<\/div>\n\t\t\t\t<\/div>\n\t\t\t\t<\/div>\n\t\t<div class=\"elementor-element elementor-element-3cca1e01 e-con-full e-flex e-con e-child\" data-id=\"3cca1e01\" data-element_type=\"container\" data-e-type=\"container\">\n\t\t\t\t<div class=\"elementor-element elementor-element-67cd83ed elementor-widget elementor-widget-image\" data-id=\"67cd83ed\" data-element_type=\"widget\" data-e-type=\"widget\" data-widget_type=\"image.default\">\n\t\t\t\t<div class=\"elementor-widget-container\">\n\t\t\t\t\t\t\t\t\t\t\t\t\t\t\t<img decoding=\"async\" src=\"https:\/\/staging.kabisu.id\/wp-content\/uploads\/elementor\/thumbs\/cropped-kabisu_sumba-isotype-600px-rf62ro5zocw57xf3k6kznph4c5nnvhfloe4i8rcwq6.png\" title=\"Favicon de Kabisu\" alt=\"Favicon de Kabisu\" loading=\"lazy\" \/>\t\t\t\t\t\t\t\t\t\t\t\t\t\t\t<\/div>\n\t\t\t\t<\/div>\n\t\t\t\t<\/div>\n\t\t\t\t<\/div>\n\t\t<div class=\"elementor-element elementor-element-24047701 e-con-full e-flex e-con e-parent\" data-id=\"24047701\" data-element_type=\"container\" data-e-type=\"container\" data-settings=\"{&quot;background_background&quot;:&quot;classic&quot;}\">\n\t\t\t\t<div class=\"elementor-element elementor-element-48234fe7 raven-cta--skin-cover elementor-widget__width-inherit e-transform elementor-animated-content raven-bg-transform raven-bg-transform-zoom-in elementor-widget elementor-widget-raven-call-to-action\" data-id=\"48234fe7\" data-element_type=\"widget\" data-e-type=\"widget\" data-settings=\"{&quot;_transform_scaleX_effect&quot;:{&quot;unit&quot;:&quot;px&quot;,&quot;size&quot;:&quot;&quot;,&quot;sizes&quot;:[]},&quot;_transform_scaleX_effect_tablet&quot;:{&quot;unit&quot;:&quot;px&quot;,&quot;size&quot;:&quot;&quot;,&quot;sizes&quot;:[]},&quot;_transform_scaleX_effect_mobile&quot;:{&quot;unit&quot;:&quot;px&quot;,&quot;size&quot;:&quot;&quot;,&quot;sizes&quot;:[]},&quot;_transform_scaleY_effect&quot;:{&quot;unit&quot;:&quot;px&quot;,&quot;size&quot;:&quot;&quot;,&quot;sizes&quot;:[]},&quot;_transform_scaleY_effect_tablet&quot;:{&quot;unit&quot;:&quot;px&quot;,&quot;size&quot;:&quot;&quot;,&quot;sizes&quot;:[]},&quot;_transform_scaleY_effect_mobile&quot;:{&quot;unit&quot;:&quot;px&quot;,&quot;size&quot;:&quot;&quot;,&quot;sizes&quot;:[]}}\" data-widget_type=\"raven-call-to-action.default\">\n\t\t\t\t<div class=\"elementor-widget-container\">\n\t\t\t\t\t<a class=\"raven-cta\" href=\"https:\/\/staging.kabisu.id\/contact\/\">\n\t\t\t\t\t<div class=\"raven-cta__bg-wrapper\">\n\t\t\t\t<div class=\"raven-cta__bg raven-bg\" style=\"background-image: url(https:\/\/staging.kabisu.id\/wp-content\/uploads\/2025\/02\/01.jpg);\"><\/div>\n\t\t\t\t<div class=\"raven-cta__bg-overlay\"><\/div>\n\t\t\t<\/div>\n\t\t\t\t\t\t\t\t\t\t<div class=\"raven-cta__content\">\n\t\t\t\t\n\t\t\t\t<h2 class=\"raven-cta__title raven-cta__content-item elementor-content-item elementor-animated-item--grow\">Devenez propri\u00e9taire d&#039;un bien locatif au paradis<\/h2>\n\t\t\t\t\n\t\t\t\t\t\t\t\t\t<div class=\"raven-cta__button-wrapper raven-cta__content-item elementor-content-item elementor-animated-item--grow\">\n\t\t\t\t\t<span class=\"raven-cta__button elementor-button \">\n\t\t\t\t\t\tPrenez contact avec nous\t\t\t\t\t<\/span>\n\t\t\t\t\t<\/div>\n\t\t\t\t\n\t\t\t\t\t\t\t<\/div>\n\t\t\t\t<\/a>\n\t\t\t\t\t\t<\/div>\n\t\t\t\t<\/div>\n\t\t\t\t<\/div>\n\t\t\t\t<\/div>\n\t\t","protected":false},"excerpt":{"rendered":"<p>\u00c9cologie \u00e0 Kabisu Construire un h\u00f4tel en harmonie avec Sumba Chez Kabisu, le d\u00e9veloppement durable n&rsquo;est pas une r\u00e9flexion apr\u00e8s coup &#8211; c&rsquo;est le fondement de tout ce que nous faisons. Notre vision est de cr\u00e9er un resort durable \u00e0 Sumba o\u00f9 le confort, la culture et la conservation se rencontrent. De la premi\u00e8re esquisse [&hellip;]<\/p>\n","protected":false},"author":2000003,"featured_media":4002344,"parent":4002428,"menu_order":0,"comment_status":"closed","ping_status":"closed","template":"elementor_header_footer","meta":{"_acf_changed":false,"footnotes":""},"class_list":["post-4002458","page","type-page","status-publish","has-post-thumbnail","hentry"],"acf":[],"_links":{"self":[{"href":"https:\/\/staging.kabisu.id\/fr\/wp-json\/wp\/v2\/pages\/4002458","targetHints":{"allow":["GET"]}}],"collection":[{"href":"https:\/\/staging.kabisu.id\/fr\/wp-json\/wp\/v2\/pages"}],"about":[{"href":"https:\/\/staging.kabisu.id\/fr\/wp-json\/wp\/v2\/types\/page"}],"author":[{"embeddable":true,"href":"https:\/\/staging.kabisu.id\/fr\/wp-json\/wp\/v2\/users\/2000003"}],"replies":[{"embeddable":true,"href":"https:\/\/staging.kabisu.id\/fr\/wp-json\/wp\/v2\/comments?post=4002458"}],"version-history":[{"count":2,"href":"https:\/\/staging.kabisu.id\/fr\/wp-json\/wp\/v2\/pages\/4002458\/revisions"}],"predecessor-version":[{"id":4002469,"href":"https:\/\/staging.kabisu.id\/fr\/wp-json\/wp\/v2\/pages\/4002458\/revisions\/4002469"}],"up":[{"embeddable":true,"href":"https:\/\/staging.kabisu.id\/fr\/wp-json\/wp\/v2\/pages\/4002428"}],"wp:featuredmedia":[{"embeddable":true,"href":"https:\/\/staging.kabisu.id\/fr\/wp-json\/wp\/v2\/media\/4002344"}],"wp:attachment":[{"href":"https:\/\/staging.kabisu.id\/fr\/wp-json\/wp\/v2\/media?parent=4002458"}],"curies":[{"name":"wp","href":"https:\/\/api.w.org\/{rel}","templated":true}]}}